{"id":27,"date":"2024-10-17T01:40:28","date_gmt":"2024-10-17T01:40:28","guid":{"rendered":"https:\/\/cv2go.no\/tr\/?page_id=27"},"modified":"2025-03-16T22:51:41","modified_gmt":"2025-03-16T22:51:41","slug":"iade-politikasi","status":"publish","type":"page","link":"https:\/\/cv2go.no\/tr\/iade-politikasi\/","title":{"rendered":"\u0130ade Politikas\u0131"},"content":{"rendered":"\t\t<div data-elementor-type=\"wp-page\" data-elementor-id=\"27\" class=\"elementor elementor-27\" data-elementor-post-type=\"page\">\n\t\t\t\t<div class=\"elementor-element elementor-element-617bde35 e-con-full e-flex e-con e-parent\" data-id=\"617bde35\" data-element_type=\"container\" data-e-type=\"container\" data-settings=\"{&quot;background_background&quot;:&quot;classic&quot;}\">\n\t\t<div class=\"elementor-element elementor-element-5a9dec5f e-con-full e-flex e-con e-child\" data-id=\"5a9dec5f\" data-element_type=\"container\" data-e-type=\"container\">\n\t\t\t\t<div class=\"elementor-element elementor-element-5350ce24 animated-fast elementor-invisible elementor-widget elementor-widget-heading\" data-id=\"5350ce24\" data-element_type=\"widget\" data-e-type=\"widget\" data-settings=\"{&quot;_animation&quot;:&quot;fadeInUp&quot;,&quot;_animation_delay&quot;:0}\" data-widget_type=\"heading.default\">\n\t\t\t\t\t\t<\/div>\n\t\t\t\t<\/div>\n\t\t\t\t<\/div>\n\t\t<div class=\"elementor-element elementor-element-5922f36d e-flex e-con-boxed e-con e-parent\" data-id=\"5922f36d\" data-element_type=\"container\" data-e-type=\"container\">\n\t\t\t\t\t<div class=\"e-con-inner\">\n\t\t<div class=\"elementor-element elementor-element-2775e8ca e-con-full e-flex e-con e-child\" data-id=\"2775e8ca\" data-element_type=\"container\" data-e-type=\"container\">\n\t\t\t\t<div class=\"elementor-element elementor-element-52e01ecb elementor-widget elementor-widget-text-editor\" data-id=\"52e01ecb\" data-element_type=\"widget\" data-e-type=\"widget\" data-widget_type=\"text-editor.default\">\n\t\t\t\t\t\t\t\t\t\t\t<p><\/p>\n<p><strong>Son g\u00fcncelleme:<\/strong> 17\/10\/2024<\/p>\n<p><\/p>\n<p>CV2GO&#8217;da, sat\u0131n alma i\u015fleminizden memnun olman\u0131z\u0131 istiyoruz. Hizmetlerimizden memnun de\u011filseniz, bu iade politikas\u0131na uygun olarak geri \u00f6deme talebinde bulunabilirsiniz.<\/p>\n<p><\/p>\n<p><strong>\u0130ade politikas\u0131<\/strong><\/p>\n<p><\/p>\n<ul class=\"wp-block-list\">\n<li>Sat\u0131n alma tarihinden itibaren bir hafta i\u00e7inde geri \u00f6deme talebinde bulunabilirsiniz.<\/li>\n\n<li>Bir iade s\u00fcrecini ba\u015flatmak i\u00e7in l\u00fctfen bize e-posta yoluyla ula\u015f\u0131n: <a>support@cv2go.no<\/a> veya <a>contact@cv2go.no<\/a>.<\/li>\n\n<li>\u0130adeler, sat\u0131n alma i\u015flemi s\u0131ras\u0131nda kullan\u0131lan orijinal \u00f6deme y\u00f6ntemine geri yat\u0131r\u0131lacakt\u0131r.<\/li>\n\n<li>\u0130adeler, onayland\u0131ktan sonra 5-10 i\u015f g\u00fcn\u00fc i\u00e7inde i\u015fleme al\u0131nacakt\u0131r.<\/li>\n<\/ul>\n<p><\/p>\n<p><strong>\u0130ade hakk\u0131 istisnalar\u0131<\/strong><\/p>\n<p><\/p>\n<p>Baz\u0131 \u00fcr\u00fcn ve hizmet t\u00fcrleri iade edilemez. Buna \u015funlar dahildir ancak bunlarla s\u0131n\u0131rl\u0131 de\u011fildir:<\/p>\n<p><\/p>\n<ul class=\"wp-block-list\">\n<li>\u0130ade talebi s\u0131ras\u0131nda tamamen sa\u011flanm\u0131\u015f hizmetler.<\/li>\n\n<li>Talep \u00fczerine olu\u015fturulan \u00f6zelle\u015ftirilmi\u015f CV \u015fablonlar\u0131.<\/li>\n<\/ul>\n<p><\/p>\n<p><strong>\u0130ade politikas\u0131ndaki de\u011fi\u015fiklikler<\/strong><\/p>\n<p><\/p>\n<p>Bu iade politikas\u0131n\u0131 herhangi bir zamanda g\u00fcncelleme veya de\u011fi\u015ftirme hakk\u0131m\u0131z sakl\u0131d\u0131r. Herhangi bir de\u011fi\u015fiklik bu sayfada yay\u0131nlanacak ve son g\u00fcncelleme tarihi ayarlanacakt\u0131r.<\/p>\n<p><\/p>\n<p><strong>Bizimle ileti\u015fime ge\u00e7in<\/strong><\/p>\n<p><\/p>\n<p>\u0130ade politikam\u0131z hakk\u0131nda sorular\u0131n\u0131z varsa, bizimle ileti\u015fime ge\u00e7ebilirsiniz:<\/p>\n<p><\/p>\n<ul class=\"wp-block-list\">\n<li>Email: <a>support@cv2go.no<\/a><\/li>\n\n<li>Email: <a>contact@cv2go.no<\/a><\/li>\n\n<li>Telefon: +947 403 35 315<\/li>\n<\/ul>\n<p><\/p>\n<p>Bu \u015fartlar\u0131n orijinal versiyonu i\u00e7in l\u00fctfen ana web sitemizdeki \u0130ngilizce versiyona bak\u0131n: <a href=\"https:\/\/cv2go.no\">https:\/\/cv2go.no<\/a>. \u00c7eviri s\u00fcr\u00fcmleri ile orijinal aras\u0131nda herhangi bir farkl\u0131l\u0131k olmas\u0131 durumunda, \u0130ngilizce s\u00fcr\u00fcm ge\u00e7erli olacakt\u0131r.<\/p>\n<p><\/p>\t\t\t\t\t\t\t\t<\/div>\n\t\t\t\t<\/div>\n\t\t\t\t\t<\/div>\n\t\t\t\t<\/div>\n\t\t\t\t<\/div>\n\t\t","protected":false},"excerpt":{"rendered":"<p>Son g\u00fcncelleme: 17\/10\/2024 CV2GO&#8217;da, sat\u0131n alma i\u015fleminizden memnun olman\u0131z\u0131 istiyoruz. Hizmetlerimizden memnun de\u011filseniz, bu iade politikas\u0131na uygun olarak geri \u00f6deme talebinde bulunabilirsiniz. \u0130ade politikas\u0131 \u0130ade hakk\u0131 istisnalar\u0131 Baz\u0131 \u00fcr\u00fcn ve hizmet t\u00fcrleri iade edilemez. Buna \u015funlar dahildir ancak bunlarla s\u0131n\u0131rl\u0131 de\u011fildir: \u0130ade politikas\u0131ndaki de\u011fi\u015fiklikler Bu iade politikas\u0131n\u0131 herhangi bir zamanda g\u00fcncelleme veya de\u011fi\u015ftirme hakk\u0131m\u0131z sakl\u0131d\u0131r. [&hellip;]<\/p>\n","protected":false},"author":2,"featured_media":0,"parent":0,"menu_order":0,"comment_status":"closed","ping_status":"closed","template":"elementor_header_footer","meta":{"_acf_changed":false,"site-sidebar-layout":"default","site-content-layout":"","ast-site-content-layout":"default","site-content-style":"default","site-sidebar-style":"default","ast-global-header-display":"","ast-banner-title-visibility":"","ast-main-header-display":"","ast-hfb-above-header-display":"","ast-hfb-below-header-display":"","ast-hfb-mobile-header-display":"","site-post-title":"","ast-breadcrumbs-content":"","ast-featured-img":"","footer-sml-layout":"","ast-disable-related-posts":"","theme-transparent-header-meta":"","adv-header-id-meta":"","stick-header-meta":"","header-above-stick-meta":"","header-main-stick-meta":"","header-below-stick-meta":"","astra-migrate-meta-layouts":"default","ast-page-background-enabled":"default","ast-page-background-meta":{"desktop":{"background-color":"","background-image":"","background-repeat":"repeat","background-position":"center center","background-size":"auto","background-attachment":"scroll","background-type":"","background-media":"","overlay-type":"","overlay-color":"","overlay-opacity":"","overlay-gradient":""},"tablet":{"background-color":"","background-image":"","background-repeat":"repeat","background-position":"center center","background-size":"auto","background-attachment":"scroll","background-type":"","background-media":"","overlay-type":"","overlay-color":"","overlay-opacity":"","overlay-gradient":""},"mobile":{"background-color":"","background-image":"","background-repeat":"repeat","background-position":"center center","background-size":"auto","background-attachment":"scroll","background-type":"","background-media":"","overlay-type":"","overlay-color":"","overlay-opacity":"","overlay-gradient":""}},"ast-content-background-meta":{"desktop":{"background-color":"var(--ast-global-color-5)","background-image":"","background-repeat":"repeat","background-position":"center center","background-size":"auto","background-attachment":"scroll","background-type":"","background-media":"","overlay-type":"","overlay-color":"","overlay-opacity":"","overlay-gradient":""},"tablet":{"background-color":"var(--ast-global-color-5)","background-image":"","background-repeat":"repeat","background-position":"center center","background-size":"auto","background-attachment":"scroll","background-type":"","background-media":"","overlay-type":"","overlay-color":"","overlay-opacity":"","overlay-gradient":""},"mobile":{"background-color":"var(--ast-global-color-5)","background-image":"","background-repeat":"repeat","background-position":"center center","background-size":"auto","background-attachment":"scroll","background-type":"","background-media":"","overlay-type":"","overlay-color":"","overlay-opacity":"","overlay-gradient":""}},"footnotes":""},"class_list":["post-27","page","type-page","status-publish","hentry"],"acf":[],"_links":{"self":[{"href":"https:\/\/cv2go.no\/tr\/wp-json\/wp\/v2\/pages\/27","targetHints":{"allow":["GET"]}}],"collection":[{"href":"https:\/\/cv2go.no\/tr\/wp-json\/wp\/v2\/pages"}],"about":[{"href":"https:\/\/cv2go.no\/tr\/wp-json\/wp\/v2\/types\/page"}],"author":[{"embeddable":true,"href":"https:\/\/cv2go.no\/tr\/wp-json\/wp\/v2\/users\/2"}],"replies":[{"embeddable":true,"href":"https:\/\/cv2go.no\/tr\/wp-json\/wp\/v2\/comments?post=27"}],"version-history":[{"count":0,"href":"https:\/\/cv2go.no\/tr\/wp-json\/wp\/v2\/pages\/27\/revisions"}],"wp:attachment":[{"href":"https:\/\/cv2go.no\/tr\/wp-json\/wp\/v2\/media?parent=27"}],"curies":[{"name":"wp","href":"https:\/\/api.w.org\/{rel}","templated":true}]}}