{"id":23,"date":"2024-10-17T01:25:33","date_gmt":"2024-10-17T01:25:33","guid":{"rendered":"https:\/\/cv2go.no\/tr\/?page_id=23"},"modified":"2025-03-16T22:51:18","modified_gmt":"2025-03-16T22:51:18","slug":"feragatname","status":"publish","type":"page","link":"https:\/\/cv2go.no\/tr\/feragatname\/","title":{"rendered":"Feragatname"},"content":{"rendered":"\t\t<div data-elementor-type=\"wp-page\" data-elementor-id=\"23\" class=\"elementor elementor-23\" data-elementor-post-type=\"page\">\n\t\t\t\t<div class=\"elementor-element elementor-element-66765ef3 e-con-full e-flex e-con e-parent\" data-id=\"66765ef3\" data-element_type=\"container\" data-e-type=\"container\" data-settings=\"{&quot;background_background&quot;:&quot;classic&quot;}\">\n\t\t<div class=\"elementor-element elementor-element-6fbe9055 e-con-full e-flex e-con e-child\" data-id=\"6fbe9055\" data-element_type=\"container\" data-e-type=\"container\">\n\t\t\t\t<div class=\"elementor-element elementor-element-63f23797 animated-fast elementor-invisible elementor-widget elementor-widget-heading\" data-id=\"63f23797\" data-element_type=\"widget\" data-e-type=\"widget\" data-settings=\"{&quot;_animation&quot;:&quot;fadeInUp&quot;,&quot;_animation_delay&quot;:0}\" data-widget_type=\"heading.default\">\n\t\t\t\t\t\t<\/div>\n\t\t\t\t<\/div>\n\t\t\t\t<\/div>\n\t\t<div class=\"elementor-element elementor-element-57cd9f33 e-flex e-con-boxed e-con e-parent\" data-id=\"57cd9f33\" data-element_type=\"container\" data-e-type=\"container\">\n\t\t\t\t\t<div class=\"e-con-inner\">\n\t\t<div class=\"elementor-element elementor-element-10308ca2 e-con-full e-flex e-con e-child\" data-id=\"10308ca2\" data-element_type=\"container\" data-e-type=\"container\">\n\t\t\t\t<div class=\"elementor-element elementor-element-6a6a2349 elementor-widget elementor-widget-text-editor\" data-id=\"6a6a2349\" data-element_type=\"widget\" data-e-type=\"widget\" data-widget_type=\"text-editor.default\">\n\t\t\t\t\t\t\t\t\t\t\t<p><\/p>\n<p><strong>Son g\u00fcncelleme:<\/strong> 17\/10\/2024<\/p>\n<p><\/p>\n<p>CV2GO&#8217;ya ho\u015f geldiniz. Bu feragatname, web sitemizin kullan\u0131m\u0131n\u0131 d\u00fczenler. Bu siteyi kullanarak, bu feragatnamenin \u015fartlar\u0131n\u0131 kabul etmi\u015f olursunuz.<\/p>\n<p><\/p>\n<p><strong>CV2GO&#8217;nun \u0130\u00e7eri\u011fi<\/strong><\/p>\n<p><\/p>\n<p>CV2GO&#8217;nun i\u00e7eri\u011fi yaln\u0131zca genel bilgi ama\u00e7l\u0131 sa\u011flanmaktad\u0131r. Bilgileri g\u00fcncel ve do\u011fru tutmak i\u00e7in \u00e7aba g\u00f6steriyoruz, ancak web sitesindeki bilgilerin, \u00fcr\u00fcnlerin, hizmetlerin veya ilgili grafiklerin eksiksizli\u011fi, do\u011frulu\u011fu, g\u00fcvenilirli\u011fi, uygunlu\u011fu veya kullan\u0131labilirli\u011fi konusunda a\u00e7\u0131k veya z\u0131mni hi\u00e7bir garanti vermiyoruz.<\/p>\n<p><\/p>\n<p><strong>Harici Ba\u011flant\u0131lar \u0130\u00e7in Sorumluluk<\/strong><\/p>\n<p><\/p>\n<p>CV2GO, kontrol\u00fcm\u00fcz d\u0131\u015f\u0131nda olan harici web sitelerine ba\u011flant\u0131lar i\u00e7erebilir. Bu harici web sitelerinin i\u00e7eri\u011finden veya kullan\u0131labilirli\u011finden sorumlu de\u011filiz. Harici ba\u011flant\u0131lardan gelen bilgilere g\u00fcvenmek tamamen kendi sorumlulu\u011funuzdad\u0131r.<\/p>\n<p><\/p>\n<p><strong>Sorumluluk S\u0131n\u0131rlamas\u0131<\/strong><\/p>\n<p><\/p>\n<p>CV2GO veya temsilcileri, web sitesinin kullan\u0131m\u0131 sonucunda ortaya \u00e7\u0131kan herhangi bir kay\u0131p veya hasardan sorumlu de\u011fildir, buna do\u011frudan, dolayl\u0131 veya sonu\u00e7 olarak ortaya \u00e7\u0131kan zararlar dahildir.<\/p>\n<p><\/p>\n<p><strong>De\u011fi\u015fiklikler<\/strong><\/p>\n<p><\/p>\n<p>Bu feragatnameyi herhangi bir zamanda de\u011fi\u015ftirme hakk\u0131m\u0131z sakl\u0131d\u0131r. Herhangi bir de\u011fi\u015fiklik, web sitesinde yay\u0131mland\u0131ktan hemen sonra y\u00fcr\u00fcrl\u00fc\u011fe girecektir.<\/p>\n<p><\/p>\n<p><strong>Bize Ula\u015f\u0131n<\/strong><\/p>\n<p><\/p>\n<p>Bu feragatname ile ilgili sorular\u0131n\u0131z varsa, bizimle ileti\u015fime ge\u00e7ebilirsiniz:<\/p>\n<p><\/p>\n<ul class=\"wp-block-list\">\n<li>Email: <a>support@cv2go.no<\/a><\/li>\n\n<li>Email: <a>contact@cv2go.no<\/a><\/li>\n\n<li>Telefon: +947 403 35 315<\/li>\n<\/ul>\n<p><\/p>\n<p>Bu \u015fartlar\u0131n orijinal versiyonu i\u00e7in l\u00fctfen ana web sitemizdeki \u0130ngilizce versiyona bak\u0131n: <a href=\"https:\/\/cv2go.no\">https:\/\/cv2go.no<\/a>. \u00c7eviri s\u00fcr\u00fcmleri ile orijinal aras\u0131nda herhangi bir farkl\u0131l\u0131k olmas\u0131 durumunda, \u0130ngilizce s\u00fcr\u00fcm ge\u00e7erli olacakt\u0131r.<\/p>\n<p><\/p>\t\t\t\t\t\t\t\t<\/div>\n\t\t\t\t<\/div>\n\t\t\t\t\t<\/div>\n\t\t\t\t<\/div>\n\t\t\t\t<\/div>\n\t\t","protected":false},"excerpt":{"rendered":"<p>Son g\u00fcncelleme: 17\/10\/2024 CV2GO&#8217;ya ho\u015f geldiniz. Bu feragatname, web sitemizin kullan\u0131m\u0131n\u0131 d\u00fczenler. Bu siteyi kullanarak, bu feragatnamenin \u015fartlar\u0131n\u0131 kabul etmi\u015f olursunuz. CV2GO&#8217;nun \u0130\u00e7eri\u011fi CV2GO&#8217;nun i\u00e7eri\u011fi yaln\u0131zca genel bilgi ama\u00e7l\u0131 sa\u011flanmaktad\u0131r. Bilgileri g\u00fcncel ve do\u011fru tutmak i\u00e7in \u00e7aba g\u00f6steriyoruz, ancak web sitesindeki bilgilerin, \u00fcr\u00fcnlerin, hizmetlerin veya ilgili grafiklerin eksiksizli\u011fi, do\u011frulu\u011fu, g\u00fcvenilirli\u011fi, uygunlu\u011fu veya kullan\u0131labilirli\u011fi konusunda a\u00e7\u0131k [&hellip;]<\/p>\n","protected":false},"author":2,"featured_media":0,"parent":0,"menu_order":0,"comment_status":"closed","ping_status":"closed","template":"elementor_header_footer","meta":{"_acf_changed":false,"site-sidebar-layout":"default","site-content-layout":"","ast-site-content-layout":"default","site-content-style":"default","site-sidebar-style":"default","ast-global-header-display":"","ast-banner-title-visibility":"","ast-main-header-display":"","ast-hfb-above-header-display":"","ast-hfb-below-header-display":"","ast-hfb-mobile-header-display":"","site-post-title":"","ast-breadcrumbs-content":"","ast-featured-img":"","footer-sml-layout":"","ast-disable-related-posts":"","theme-transparent-header-meta":"","adv-header-id-meta":"","stick-header-meta":"","header-above-stick-meta":"","header-main-stick-meta":"","header-below-stick-meta":"","astra-migrate-meta-layouts":"default","ast-page-background-enabled":"default","ast-page-background-meta":{"desktop":{"background-color":"","background-image":"","background-repeat":"repeat","background-position":"center center","background-size":"auto","background-attachment":"scroll","background-type":"","background-media":"","overlay-type":"","overlay-color":"","overlay-opacity":"","overlay-gradient":""},"tablet":{"background-color":"","background-image":"","background-repeat":"repeat","background-position":"center center","background-size":"auto","background-attachment":"scroll","background-type":"","background-media":"","overlay-type":"","overlay-color":"","overlay-opacity":"","overlay-gradient":""},"mobile":{"background-color":"","background-image":"","background-repeat":"repeat","background-position":"center center","background-size":"auto","background-attachment":"scroll","background-type":"","background-media":"","overlay-type":"","overlay-color":"","overlay-opacity":"","overlay-gradient":""}},"ast-content-background-meta":{"desktop":{"background-color":"var(--ast-global-color-5)","background-image":"","background-repeat":"repeat","background-position":"center center","background-size":"auto","background-attachment":"scroll","background-type":"","background-media":"","overlay-type":"","overlay-color":"","overlay-opacity":"","overlay-gradient":""},"tablet":{"background-color":"var(--ast-global-color-5)","background-image":"","background-repeat":"repeat","background-position":"center center","background-size":"auto","background-attachment":"scroll","background-type":"","background-media":"","overlay-type":"","overlay-color":"","overlay-opacity":"","overlay-gradient":""},"mobile":{"background-color":"var(--ast-global-color-5)","background-image":"","background-repeat":"repeat","background-position":"center center","background-size":"auto","background-attachment":"scroll","background-type":"","background-media":"","overlay-type":"","overlay-color":"","overlay-opacity":"","overlay-gradient":""}},"footnotes":""},"class_list":["post-23","page","type-page","status-publish","hentry"],"acf":[],"_links":{"self":[{"href":"https:\/\/cv2go.no\/tr\/wp-json\/wp\/v2\/pages\/23","targetHints":{"allow":["GET"]}}],"collection":[{"href":"https:\/\/cv2go.no\/tr\/wp-json\/wp\/v2\/pages"}],"about":[{"href":"https:\/\/cv2go.no\/tr\/wp-json\/wp\/v2\/types\/page"}],"author":[{"embeddable":true,"href":"https:\/\/cv2go.no\/tr\/wp-json\/wp\/v2\/users\/2"}],"replies":[{"embeddable":true,"href":"https:\/\/cv2go.no\/tr\/wp-json\/wp\/v2\/comments?post=23"}],"version-history":[{"count":0,"href":"https:\/\/cv2go.no\/tr\/wp-json\/wp\/v2\/pages\/23\/revisions"}],"wp:attachment":[{"href":"https:\/\/cv2go.no\/tr\/wp-json\/wp\/v2\/media?parent=23"}],"curies":[{"name":"wp","href":"https:\/\/api.w.org\/{rel}","templated":true}]}}