{"id":21,"date":"2024-10-16T23:58:36","date_gmt":"2024-10-16T23:58:36","guid":{"rendered":"https:\/\/cv2go.no\/tr\/?page_id=21"},"modified":"2025-03-16T22:51:07","modified_gmt":"2025-03-16T22:51:07","slug":"cerez-politikasi","status":"publish","type":"page","link":"https:\/\/cv2go.no\/tr\/cerez-politikasi\/","title":{"rendered":"\u00c7erez Politikas\u0131"},"content":{"rendered":"\t\t<div data-elementor-type=\"wp-page\" data-elementor-id=\"21\" class=\"elementor elementor-21\" data-elementor-post-type=\"page\">\n\t\t\t\t<div class=\"elementor-element elementor-element-366efe8a e-con-full e-flex e-con e-parent\" data-id=\"366efe8a\" data-element_type=\"container\" data-e-type=\"container\" data-settings=\"{&quot;background_background&quot;:&quot;classic&quot;}\">\n\t\t<div class=\"elementor-element elementor-element-a80817a e-con-full e-flex e-con e-child\" data-id=\"a80817a\" data-element_type=\"container\" data-e-type=\"container\">\n\t\t\t\t<div class=\"elementor-element elementor-element-b2cddb8 animated-fast elementor-invisible elementor-widget elementor-widget-heading\" data-id=\"b2cddb8\" data-element_type=\"widget\" data-e-type=\"widget\" data-settings=\"{&quot;_animation&quot;:&quot;fadeInUp&quot;,&quot;_animation_delay&quot;:0}\" data-widget_type=\"heading.default\">\n\t\t\t\t\t\t<\/div>\n\t\t\t\t<\/div>\n\t\t\t\t<\/div>\n\t\t<div class=\"elementor-element elementor-element-68330a60 e-flex e-con-boxed e-con e-parent\" data-id=\"68330a60\" data-element_type=\"container\" data-e-type=\"container\">\n\t\t\t\t\t<div class=\"e-con-inner\">\n\t\t<div class=\"elementor-element elementor-element-2597b982 e-con-full e-flex e-con e-child\" data-id=\"2597b982\" data-element_type=\"container\" data-e-type=\"container\">\n\t\t\t\t<div class=\"elementor-element elementor-element-3be9ca5c elementor-widget elementor-widget-text-editor\" data-id=\"3be9ca5c\" data-element_type=\"widget\" data-e-type=\"widget\" data-widget_type=\"text-editor.default\">\n\t\t\t\t\t\t\t\t\t\t\t<p><\/p>\n<p><strong>Son g\u00fcncelleme:<\/strong> 17\/10\/2024<\/p>\n<p><\/p>\n<p>CV2GO&#8217;ya ho\u015f geldiniz. Bu \u00e7erez politikas\u0131, web sitemizde \u00e7erezleri ve benzeri teknolojileri nas\u0131l kulland\u0131\u011f\u0131m\u0131z\u0131 a\u00e7\u0131klar.<\/p>\n<p><\/p>\n<p><strong>\u00c7erez nedir?<\/strong><\/p>\n<p><\/p>\n<p>\u00c7erezler, bir web sitesini ziyaret etti\u011finizde cihaz\u0131n\u0131za (bilgisayar, tablet veya telefon) kaydedilen k\u00fc\u00e7\u00fck dosyalard\u0131r. Kullan\u0131c\u0131 deneyimini iyile\u015ftirmek, site trafi\u011fini analiz etmek ve pazarlama faaliyetlerini desteklemek i\u00e7in kullan\u0131l\u0131rlar.<\/p>\n<p><\/p>\n<p><strong>\u00c7erezleri nas\u0131l kullan\u0131yoruz?<\/strong><\/p>\n<p><\/p>\n<p>CV2GO&#8217;da \u00e7erezleri \u015fu ama\u00e7larla kullan\u0131yoruz:<\/p>\n<p><\/p>\n<ul class=\"wp-block-list\">\n<li>Web sitesinin i\u015flevselli\u011fini iyile\u015ftirmek.<\/li>\n\n<li>Web sitesinin kullan\u0131m\u0131n\u0131 Google Analytics ile analiz etmek.<\/li>\n\n<li>Google AdSense ve Google ADX arac\u0131l\u0131\u011f\u0131yla reklam faaliyetlerini desteklemek.<\/li>\n<\/ul>\n<p><\/p>\n<p><strong>\u00dc\u00e7\u00fcnc\u00fc taraf \u00e7erezleri<\/strong><\/p>\n<p><\/p>\n<p>Ayr\u0131ca, web sitesi etkinliklerini analiz etmek ve di\u011fer i\u015flevleri yerine getirmek i\u00e7in \u00e7erezler ayarlayabilecek Google Analytics, Google AdSense, Google ADX, Stripe ve PayPal gibi \u00fc\u00e7\u00fcnc\u00fc taraf hizmetlerini kullan\u0131yoruz.<\/p>\n<p><\/p>\n<p><strong>\u00c7erezleri nas\u0131l y\u00f6netebilirsiniz?<\/strong><\/p>\n<p><\/p>\n<p>Taray\u0131c\u0131n\u0131z\u0131n ayarlar\u0131nda \u00e7erezleri y\u00f6netebilir veya silebilirsiniz. \u00c7erezleri devre d\u0131\u015f\u0131 b\u0131rakman\u0131n web sitemizin i\u015flevselli\u011fini etkileyebilece\u011fini unutmay\u0131n.<\/p>\n<p><\/p>\n<p><strong>Bizimle ileti\u015fime ge\u00e7in<\/strong><\/p>\n<p><\/p>\n<p>\u00c7erez politikam\u0131z hakk\u0131nda sorular\u0131n\u0131z varsa, bizimle ileti\u015fime ge\u00e7ebilirsiniz:<\/p>\n<p><\/p>\n<ul class=\"wp-block-list\">\n<li>Email: <a>support@cv2go.no<\/a><\/li>\n\n<li>Email: <a>contact@cv2go.no<\/a><\/li>\n\n<li>Telefon: +947 403 35 315<\/li>\n<\/ul>\n<p><\/p>\n<p>Bu \u015fartlar\u0131n orijinal versiyonu i\u00e7in l\u00fctfen ana web sitemizdeki \u0130ngilizce versiyona bak\u0131n: <a href=\"https:\/\/cv2go.no\">https:\/\/cv2go.no<\/a>. \u00c7eviri s\u00fcr\u00fcmleri ile orijinal aras\u0131nda herhangi bir farkl\u0131l\u0131k olmas\u0131 durumunda, \u0130ngilizce s\u00fcr\u00fcm ge\u00e7erli olacakt\u0131r.<\/p>\n<p><\/p>\t\t\t\t\t\t\t\t<\/div>\n\t\t\t\t<\/div>\n\t\t\t\t\t<\/div>\n\t\t\t\t<\/div>\n\t\t\t\t<\/div>\n\t\t","protected":false},"excerpt":{"rendered":"<p>Son g\u00fcncelleme: 17\/10\/2024 CV2GO&#8217;ya ho\u015f geldiniz. Bu \u00e7erez politikas\u0131, web sitemizde \u00e7erezleri ve benzeri teknolojileri nas\u0131l kulland\u0131\u011f\u0131m\u0131z\u0131 a\u00e7\u0131klar. \u00c7erez nedir? \u00c7erezler, bir web sitesini ziyaret etti\u011finizde cihaz\u0131n\u0131za (bilgisayar, tablet veya telefon) kaydedilen k\u00fc\u00e7\u00fck dosyalard\u0131r. Kullan\u0131c\u0131 deneyimini iyile\u015ftirmek, site trafi\u011fini analiz etmek ve pazarlama faaliyetlerini desteklemek i\u00e7in kullan\u0131l\u0131rlar. \u00c7erezleri nas\u0131l kullan\u0131yoruz? CV2GO&#8217;da \u00e7erezleri \u015fu ama\u00e7larla kullan\u0131yoruz: [&hellip;]<\/p>\n","protected":false},"author":2,"featured_media":0,"parent":0,"menu_order":0,"comment_status":"closed","ping_status":"closed","template":"elementor_header_footer","meta":{"_acf_changed":false,"site-sidebar-layout":"default","site-content-layout":"","ast-site-content-layout":"default","site-content-style":"default","site-sidebar-style":"default","ast-global-header-display":"","ast-banner-title-visibility":"","ast-main-header-display":"","ast-hfb-above-header-display":"","ast-hfb-below-header-display":"","ast-hfb-mobile-header-display":"","site-post-title":"","ast-breadcrumbs-content":"","ast-featured-img":"","footer-sml-layout":"","ast-disable-related-posts":"","theme-transparent-header-meta":"","adv-header-id-meta":"","stick-header-meta":"","header-above-stick-meta":"","header-main-stick-meta":"","header-below-stick-meta":"","astra-migrate-meta-layouts":"default","ast-page-background-enabled":"default","ast-page-background-meta":{"desktop":{"background-color":"","background-image":"","background-repeat":"repeat","background-position":"center center","background-size":"auto","background-attachment":"scroll","background-type":"","background-media":"","overlay-type":"","overlay-color":"","overlay-opacity":"","overlay-gradient":""},"tablet":{"background-color":"","background-image":"","background-repeat":"repeat","background-position":"center center","background-size":"auto","background-attachment":"scroll","background-type":"","background-media":"","overlay-type":"","overlay-color":"","overlay-opacity":"","overlay-gradient":""},"mobile":{"background-color":"","background-image":"","background-repeat":"repeat","background-position":"center center","background-size":"auto","background-attachment":"scroll","background-type":"","background-media":"","overlay-type":"","overlay-color":"","overlay-opacity":"","overlay-gradient":""}},"ast-content-background-meta":{"desktop":{"background-color":"var(--ast-global-color-5)","background-image":"","background-repeat":"repeat","background-position":"center center","background-size":"auto","background-attachment":"scroll","background-type":"","background-media":"","overlay-type":"","overlay-color":"","overlay-opacity":"","overlay-gradient":""},"tablet":{"background-color":"var(--ast-global-color-5)","background-image":"","background-repeat":"repeat","background-position":"center center","background-size":"auto","background-attachment":"scroll","background-type":"","background-media":"","overlay-type":"","overlay-color":"","overlay-opacity":"","overlay-gradient":""},"mobile":{"background-color":"var(--ast-global-color-5)","background-image":"","background-repeat":"repeat","background-position":"center center","background-size":"auto","background-attachment":"scroll","background-type":"","background-media":"","overlay-type":"","overlay-color":"","overlay-opacity":"","overlay-gradient":""}},"footnotes":""},"class_list":["post-21","page","type-page","status-publish","hentry"],"acf":[],"_links":{"self":[{"href":"https:\/\/cv2go.no\/tr\/wp-json\/wp\/v2\/pages\/21","targetHints":{"allow":["GET"]}}],"collection":[{"href":"https:\/\/cv2go.no\/tr\/wp-json\/wp\/v2\/pages"}],"about":[{"href":"https:\/\/cv2go.no\/tr\/wp-json\/wp\/v2\/types\/page"}],"author":[{"embeddable":true,"href":"https:\/\/cv2go.no\/tr\/wp-json\/wp\/v2\/users\/2"}],"replies":[{"embeddable":true,"href":"https:\/\/cv2go.no\/tr\/wp-json\/wp\/v2\/comments?post=21"}],"version-history":[{"count":0,"href":"https:\/\/cv2go.no\/tr\/wp-json\/wp\/v2\/pages\/21\/revisions"}],"wp:attachment":[{"href":"https:\/\/cv2go.no\/tr\/wp-json\/wp\/v2\/media?parent=21"}],"curies":[{"name":"wp","href":"https:\/\/api.w.org\/{rel}","templated":true}]}}