{"id":29,"date":"2024-10-17T01:40:22","date_gmt":"2024-10-17T01:40:22","guid":{"rendered":"https:\/\/cv2go.no\/sv\/?page_id=29"},"modified":"2025-03-15T23:51:53","modified_gmt":"2025-03-15T23:51:53","slug":"aterbetalningspolicy","status":"publish","type":"page","link":"https:\/\/cv2go.no\/sv\/aterbetalningspolicy\/","title":{"rendered":"\u00c5terbetalningspolicy"},"content":{"rendered":"\t\t<div data-elementor-type=\"wp-page\" data-elementor-id=\"29\" class=\"elementor elementor-29\" data-elementor-post-type=\"page\">\n\t\t\t\t<div class=\"elementor-element elementor-element-47a34e19 e-con-full e-flex e-con e-parent\" data-id=\"47a34e19\" data-element_type=\"container\" data-e-type=\"container\" data-settings=\"{&quot;background_background&quot;:&quot;classic&quot;}\">\n\t\t<div class=\"elementor-element elementor-element-165acc2b e-con-full e-flex e-con e-child\" data-id=\"165acc2b\" data-element_type=\"container\" data-e-type=\"container\">\n\t\t\t\t<\/div>\n\t\t\t\t<\/div>\n\t\t<div class=\"elementor-element elementor-element-3e444575 e-flex e-con-boxed e-con e-parent\" data-id=\"3e444575\" data-element_type=\"container\" data-e-type=\"container\">\n\t\t\t\t\t<div class=\"e-con-inner\">\n\t\t<div class=\"elementor-element elementor-element-7e7e720a e-con-full e-flex e-con e-child\" data-id=\"7e7e720a\" data-element_type=\"container\" data-e-type=\"container\">\n\t\t\t\t<div class=\"elementor-element elementor-element-c9b9c20 elementor-widget elementor-widget-text-editor\" data-id=\"c9b9c20\" data-element_type=\"widget\" data-e-type=\"widget\" data-widget_type=\"text-editor.default\">\n\t\t\t\t\t\t\t\t\t<p><\/p>\n<p><strong>Senast uppdaterad:<\/strong> 2024-10-17<\/p>\n<p><\/p>\n<p>P\u00e5 CV2GO vill vi att du ska vara n\u00f6jd med ditt k\u00f6p. Om du inte \u00e4r n\u00f6jd med v\u00e5ra tj\u00e4nster kan du beg\u00e4ra \u00e5terbetalning i enlighet med denna \u00e5terbetalningspolicy.<\/p>\n<p><\/p>\n<p><strong>\u00c5terbetalningspolicy<\/strong><\/p>\n<p><\/p>\n<ul class=\"wp-block-list\">\n<li>Du kan beg\u00e4ra \u00e5terbetalning inom en vecka fr\u00e5n ink\u00f6psdatumet.<\/li>\n\n<li>F\u00f6r att p\u00e5b\u00f6rja en \u00e5terbetalningsprocess, v\u00e4nligen kontakta oss via e-post p\u00e5 <a>support@cv2go.no<\/a> eller <a>contact@cv2go.no<\/a>.<\/li>\n\n<li>\u00c5terbetalningar kommer att utf\u00e4rdas tillbaka till den ursprungliga betalningsmetoden som anv\u00e4ndes vid k\u00f6pet.<\/li>\n\n<li>\u00c5terbetalningar kommer att behandlas inom 5-10 arbetsdagar efter godk\u00e4nnande.<\/li>\n<\/ul>\n<p><\/p>\n<p><strong>Undantag fr\u00e5n \u00e5terbetalningsr\u00e4tten<\/strong><\/p>\n<p><\/p>\n<p>Vissa typer av produkter och tj\u00e4nster kan inte \u00e5terbetalas. Detta inkluderar, men \u00e4r inte begr\u00e4nsat till:<\/p>\n<p><\/p>\n<ul class=\"wp-block-list\">\n<li>Tj\u00e4nster som tillhandah\u00e5llits helt vid tidpunkten f\u00f6r \u00e5terbetalningsf\u00f6rfr\u00e5gan.<\/li>\n\n<li>Anpassade CV-mallar som skapats p\u00e5 beg\u00e4ran.<\/li>\n<\/ul>\n<p><\/p>\n<p><strong>\u00c4ndringar i \u00e5terbetalningspolicyn<\/strong><\/p>\n<p><\/p>\n<p>Vi f\u00f6rbeh\u00e5ller oss r\u00e4tten att uppdatera eller \u00e4ndra denna \u00e5terbetalningspolicy n\u00e4r som helst. Eventuella \u00e4ndringar kommer att publiceras p\u00e5 denna sida och datumet f\u00f6r den senaste uppdateringen kommer att justeras.<\/p>\n<p><\/p>\n<p><strong>Kontakta oss<\/strong><\/p>\n<p><\/p>\n<p>Om du har n\u00e5gra fr\u00e5gor om v\u00e5r \u00e5terbetalningspolicy, v\u00e4nligen kontakta oss:<\/p>\n<p><\/p>\n<ul class=\"wp-block-list\">\n<li>Email: <a>support@cv2go.no<\/a><\/li>\n\n<li>Email: <a>contact@cv2go.no<\/a><\/li>\n\n<li>Telefon: +947 403 35 315<\/li>\n<\/ul>\n<p><\/p>\n<p>F\u00f6r den ursprungliga versionen av dessa villkor, se den engelska versionen p\u00e5 v\u00e5r huvudsida: <a href=\"https:\/\/cv2go.no\">https:\/\/cv2go.no<\/a>. Vid eventuella skillnader mellan de \u00f6versatta versionerna och originalet g\u00e4ller den engelska versionen.<\/p>\n<p><\/p>\t\t\t\t\t\t\t\t<\/div>\n\t\t\t\t<\/div>\n\t\t\t\t\t<\/div>\n\t\t\t\t<\/div>\n\t\t\t\t<\/div>\n\t\t","protected":false},"excerpt":{"rendered":"<p>Senast uppdaterad: 2024-10-17 P\u00e5 CV2GO vill vi att du ska vara n\u00f6jd med ditt k\u00f6p. Om du inte \u00e4r n\u00f6jd med v\u00e5ra tj\u00e4nster kan du beg\u00e4ra \u00e5terbetalning i enlighet med denna \u00e5terbetalningspolicy. \u00c5terbetalningspolicy Undantag fr\u00e5n \u00e5terbetalningsr\u00e4tten Vissa typer av produkter och tj\u00e4nster kan inte \u00e5terbetalas. Detta inkluderar, men \u00e4r inte begr\u00e4nsat till: \u00c4ndringar i \u00e5terbetalningspolicyn [&hellip;]<\/p>\n","protected":false},"author":2,"featured_media":0,"parent":0,"menu_order":0,"comment_status":"closed","ping_status":"closed","template":"elementor_header_footer","meta":{"_acf_changed":false,"site-sidebar-layout":"default","site-content-layout":"","ast-site-content-layout":"default","site-content-style":"default","site-sidebar-style":"default","ast-global-header-display":"","ast-banner-title-visibility":"","ast-main-header-display":"","ast-hfb-above-header-display":"","ast-hfb-below-header-display":"","ast-hfb-mobile-header-display":"","site-post-title":"","ast-breadcrumbs-content":"","ast-featured-img":"","footer-sml-layout":"","ast-disable-related-posts":"","theme-transparent-header-meta":"","adv-header-id-meta":"","stick-header-meta":"","header-above-stick-meta":"","header-main-stick-meta":"","header-below-stick-meta":"","astra-migrate-meta-layouts":"default","ast-page-background-enabled":"default","ast-page-background-meta":{"desktop":{"background-color":"","background-image":"","background-repeat":"repeat","background-position":"center center","background-size":"auto","background-attachment":"scroll","background-type":"","background-media":"","overlay-type":"","overlay-color":"","overlay-opacity":"","overlay-gradient":""},"tablet":{"background-color":"","background-image":"","background-repeat":"repeat","background-position":"center center","background-size":"auto","background-attachment":"scroll","background-type":"","background-media":"","overlay-type":"","overlay-color":"","overlay-opacity":"","overlay-gradient":""},"mobile":{"background-color":"","background-image":"","background-repeat":"repeat","background-position":"center center","background-size":"auto","background-attachment":"scroll","background-type":"","background-media":"","overlay-type":"","overlay-color":"","overlay-opacity":"","overlay-gradient":""}},"ast-content-background-meta":{"desktop":{"background-color":"var(--ast-global-color-5)","background-image":"","background-repeat":"repeat","background-position":"center center","background-size":"auto","background-attachment":"scroll","background-type":"","background-media":"","overlay-type":"","overlay-color":"","overlay-opacity":"","overlay-gradient":""},"tablet":{"background-color":"var(--ast-global-color-5)","background-image":"","background-repeat":"repeat","background-position":"center center","background-size":"auto","background-attachment":"scroll","background-type":"","background-media":"","overlay-type":"","overlay-color":"","overlay-opacity":"","overlay-gradient":""},"mobile":{"background-color":"var(--ast-global-color-5)","background-image":"","background-repeat":"repeat","background-position":"center center","background-size":"auto","background-attachment":"scroll","background-type":"","background-media":"","overlay-type":"","overlay-color":"","overlay-opacity":"","overlay-gradient":""}},"footnotes":""},"class_list":["post-29","page","type-page","status-publish","hentry"],"acf":[],"_links":{"self":[{"href":"https:\/\/cv2go.no\/sv\/wp-json\/wp\/v2\/pages\/29","targetHints":{"allow":["GET"]}}],"collection":[{"href":"https:\/\/cv2go.no\/sv\/wp-json\/wp\/v2\/pages"}],"about":[{"href":"https:\/\/cv2go.no\/sv\/wp-json\/wp\/v2\/types\/page"}],"author":[{"embeddable":true,"href":"https:\/\/cv2go.no\/sv\/wp-json\/wp\/v2\/users\/2"}],"replies":[{"embeddable":true,"href":"https:\/\/cv2go.no\/sv\/wp-json\/wp\/v2\/comments?post=29"}],"version-history":[{"count":0,"href":"https:\/\/cv2go.no\/sv\/wp-json\/wp\/v2\/pages\/29\/revisions"}],"wp:attachment":[{"href":"https:\/\/cv2go.no\/sv\/wp-json\/wp\/v2\/media?parent=29"}],"curies":[{"name":"wp","href":"https:\/\/api.w.org\/{rel}","templated":true}]}}