{"id":25,"date":"2024-10-17T01:25:18","date_gmt":"2024-10-17T01:25:18","guid":{"rendered":"https:\/\/cv2go.no\/sv\/?page_id=25"},"modified":"2025-03-15T23:51:22","modified_gmt":"2025-03-15T23:51:22","slug":"ansvarsfriskrivning","status":"publish","type":"page","link":"https:\/\/cv2go.no\/sv\/ansvarsfriskrivning\/","title":{"rendered":"Ansvarsfriskrivning"},"content":{"rendered":"\t\t<div data-elementor-type=\"wp-page\" data-elementor-id=\"25\" class=\"elementor elementor-25\" data-elementor-post-type=\"page\">\n\t\t\t\t<div class=\"elementor-element elementor-element-2c161c12 e-con-full e-flex e-con e-parent\" data-id=\"2c161c12\" data-element_type=\"container\" data-e-type=\"container\" data-settings=\"{&quot;background_background&quot;:&quot;classic&quot;}\">\n\t\t<div class=\"elementor-element elementor-element-3f25d083 e-con-full e-flex e-con e-child\" data-id=\"3f25d083\" data-element_type=\"container\" data-e-type=\"container\">\n\t\t\t\t<\/div>\n\t\t\t\t<\/div>\n\t\t<div class=\"elementor-element elementor-element-1fa751e8 e-flex e-con-boxed e-con e-parent\" data-id=\"1fa751e8\" data-element_type=\"container\" data-e-type=\"container\">\n\t\t\t\t\t<div class=\"e-con-inner\">\n\t\t<div class=\"elementor-element elementor-element-3e8406d e-con-full e-flex e-con e-child\" data-id=\"3e8406d\" data-element_type=\"container\" data-e-type=\"container\">\n\t\t\t\t<div class=\"elementor-element elementor-element-4dc86077 elementor-widget elementor-widget-text-editor\" data-id=\"4dc86077\" data-element_type=\"widget\" data-e-type=\"widget\" data-widget_type=\"text-editor.default\">\n\t\t\t\t\t\t\t\t\t<p><\/p>\n<p><strong>Senast uppdaterad:<\/strong> 2024-10-17<\/p>\n<p><\/p>\n<p>V\u00e4lkommen till CV2GO. Denna ansvarsfriskrivning reglerar anv\u00e4ndningen av v\u00e5r webbplats. Genom att anv\u00e4nda denna webbplats godk\u00e4nner du villkoren i denna ansvarsfriskrivning.<\/p>\n<p><\/p>\n<p><strong>Inneh\u00e5ll p\u00e5 CV2GO<\/strong><\/p>\n<p><\/p>\n<p>Inneh\u00e5llet p\u00e5 CV2GO tillhandah\u00e5lls endast f\u00f6r allm\u00e4n informationssyfte. Vi str\u00e4var efter att h\u00e5lla informationen aktuell och korrekt, men vi ger inga garantier, vare sig uttryckliga eller underf\u00f6rst\u00e5dda, om fullst\u00e4ndighet, noggrannhet, tillf\u00f6rlitlighet, l\u00e4mplighet eller tillg\u00e4nglighet g\u00e4llande webbplatsen eller informationen, produkterna, tj\u00e4nsterna eller tillh\u00f6rande grafik som finns p\u00e5 webbplatsen.<\/p>\n<p><\/p>\n<p><strong>Ansvar f\u00f6r externa l\u00e4nkar<\/strong><\/p>\n<p><\/p>\n<p>CV2GO kan inneh\u00e5lla l\u00e4nkar till externa webbplatser som vi inte kontrollerar. Vi ansvarar inte f\u00f6r inneh\u00e5llet eller tillg\u00e4ngligheten f\u00f6r dessa externa webbplatser. All tillit till information fr\u00e5n externa l\u00e4nkar sker p\u00e5 egen risk.<\/p>\n<p><\/p>\n<p><strong>Ansvarsbegr\u00e4nsning<\/strong><\/p>\n<p><\/p>\n<p>CV2GO eller dess representanter \u00e4r inte ansvariga f\u00f6r n\u00e5gon f\u00f6rlust eller skada som uppst\u00e5r till f\u00f6ljd av anv\u00e4ndningen av webbplatsen, inklusive, men inte begr\u00e4nsat till, direkta, indirekta eller f\u00f6ljdskador.<\/p>\n<p><\/p>\n<p><strong>\u00c4ndringar<\/strong><\/p>\n<p><\/p>\n<p>Vi f\u00f6rbeh\u00e5ller oss r\u00e4tten att \u00e4ndra denna ansvarsfriskrivning n\u00e4r som helst. Alla \u00e4ndringar tr\u00e4der i kraft omedelbart efter publicering p\u00e5 webbplatsen.<\/p>\n<p><\/p>\n<p><strong>Kontakta oss<\/strong><\/p>\n<p><\/p>\n<p>Om du har n\u00e5gra fr\u00e5gor om denna ansvarsfriskrivning, v\u00e4nligen kontakta oss:<\/p>\n<p><\/p>\n<ul class=\"wp-block-list\">\n<li>Email: <a>support@cv2go.no<\/a><\/li>\n\n<li>Email: <a>contact@cv2go.no<\/a><\/li>\n\n<li>Telefon: +947 403 35 315<\/li>\n<\/ul>\n<p><\/p>\n<p>F\u00f6r den ursprungliga versionen av dessa villkor, se den engelska versionen p\u00e5 v\u00e5r huvudsida: <a href=\"https:\/\/cv2go.no\">https:\/\/cv2go.no<\/a>. Vid eventuella skillnader mellan de \u00f6versatta versionerna och originalet g\u00e4ller den engelska versionen.<\/p>\n<p><\/p>\t\t\t\t\t\t\t\t<\/div>\n\t\t\t\t<\/div>\n\t\t\t\t\t<\/div>\n\t\t\t\t<\/div>\n\t\t\t\t<\/div>\n\t\t","protected":false},"excerpt":{"rendered":"<p>Senast uppdaterad: 2024-10-17 V\u00e4lkommen till CV2GO. Denna ansvarsfriskrivning reglerar anv\u00e4ndningen av v\u00e5r webbplats. Genom att anv\u00e4nda denna webbplats godk\u00e4nner du villkoren i denna ansvarsfriskrivning. Inneh\u00e5ll p\u00e5 CV2GO Inneh\u00e5llet p\u00e5 CV2GO tillhandah\u00e5lls endast f\u00f6r allm\u00e4n informationssyfte. Vi str\u00e4var efter att h\u00e5lla informationen aktuell och korrekt, men vi ger inga garantier, vare sig uttryckliga eller underf\u00f6rst\u00e5dda, om [&hellip;]<\/p>\n","protected":false},"author":2,"featured_media":0,"parent":0,"menu_order":0,"comment_status":"closed","ping_status":"closed","template":"elementor_header_footer","meta":{"_acf_changed":false,"site-sidebar-layout":"default","site-content-layout":"","ast-site-content-layout":"default","site-content-style":"default","site-sidebar-style":"default","ast-global-header-display":"","ast-banner-title-visibility":"","ast-main-header-display":"","ast-hfb-above-header-display":"","ast-hfb-below-header-display":"","ast-hfb-mobile-header-display":"","site-post-title":"","ast-breadcrumbs-content":"","ast-featured-img":"","footer-sml-layout":"","ast-disable-related-posts":"","theme-transparent-header-meta":"","adv-header-id-meta":"","stick-header-meta":"","header-above-stick-meta":"","header-main-stick-meta":"","header-below-stick-meta":"","astra-migrate-meta-layouts":"set","ast-page-background-enabled":"default","ast-page-background-meta":{"desktop":{"background-color":"","background-image":"","background-repeat":"repeat","background-position":"center center","background-size":"auto","background-attachment":"scroll","background-type":"","background-media":"","overlay-type":"","overlay-color":"","overlay-opacity":"","overlay-gradient":""},"tablet":{"background-color":"","background-image":"","background-repeat":"repeat","background-position":"center center","background-size":"auto","background-attachment":"scroll","background-type":"","background-media":"","overlay-type":"","overlay-color":"","overlay-opacity":"","overlay-gradient":""},"mobile":{"background-color":"","background-image":"","background-repeat":"repeat","background-position":"center center","background-size":"auto","background-attachment":"scroll","background-type":"","background-media":"","overlay-type":"","overlay-color":"","overlay-opacity":"","overlay-gradient":""}},"ast-content-background-meta":{"desktop":{"background-color":"var(--ast-global-color-5)","background-image":"","background-repeat":"repeat","background-position":"center center","background-size":"auto","background-attachment":"scroll","background-type":"","background-media":"","overlay-type":"","overlay-color":"","overlay-opacity":"","overlay-gradient":""},"tablet":{"background-color":"var(--ast-global-color-5)","background-image":"","background-repeat":"repeat","background-position":"center center","background-size":"auto","background-attachment":"scroll","background-type":"","background-media":"","overlay-type":"","overlay-color":"","overlay-opacity":"","overlay-gradient":""},"mobile":{"background-color":"var(--ast-global-color-5)","background-image":"","background-repeat":"repeat","background-position":"center center","background-size":"auto","background-attachment":"scroll","background-type":"","background-media":"","overlay-type":"","overlay-color":"","overlay-opacity":"","overlay-gradient":""}},"footnotes":""},"class_list":["post-25","page","type-page","status-publish","hentry"],"acf":[],"_links":{"self":[{"href":"https:\/\/cv2go.no\/sv\/wp-json\/wp\/v2\/pages\/25","targetHints":{"allow":["GET"]}}],"collection":[{"href":"https:\/\/cv2go.no\/sv\/wp-json\/wp\/v2\/pages"}],"about":[{"href":"https:\/\/cv2go.no\/sv\/wp-json\/wp\/v2\/types\/page"}],"author":[{"embeddable":true,"href":"https:\/\/cv2go.no\/sv\/wp-json\/wp\/v2\/users\/2"}],"replies":[{"embeddable":true,"href":"https:\/\/cv2go.no\/sv\/wp-json\/wp\/v2\/comments?post=25"}],"version-history":[{"count":0,"href":"https:\/\/cv2go.no\/sv\/wp-json\/wp\/v2\/pages\/25\/revisions"}],"wp:attachment":[{"href":"https:\/\/cv2go.no\/sv\/wp-json\/wp\/v2\/media?parent=25"}],"curies":[{"name":"wp","href":"https:\/\/api.w.org\/{rel}","templated":true}]}}