{"id":23,"date":"2024-10-16T23:58:29","date_gmt":"2024-10-16T23:58:29","guid":{"rendered":"https:\/\/cv2go.no\/sv\/?page_id=23"},"modified":"2025-03-15T23:52:07","modified_gmt":"2025-03-15T23:52:07","slug":"cookiepolicy","status":"publish","type":"page","link":"https:\/\/cv2go.no\/sv\/cookiepolicy\/","title":{"rendered":"Cookiepolicy"},"content":{"rendered":"\t\t<div data-elementor-type=\"wp-page\" data-elementor-id=\"23\" class=\"elementor elementor-23\" data-elementor-post-type=\"page\">\n\t\t\t\t<div class=\"elementor-element elementor-element-6035e705 e-con-full e-flex e-con e-parent\" data-id=\"6035e705\" data-element_type=\"container\" data-e-type=\"container\" data-settings=\"{&quot;background_background&quot;:&quot;classic&quot;}\">\n\t\t<div class=\"elementor-element elementor-element-733f078b e-con-full e-flex e-con e-child\" data-id=\"733f078b\" data-element_type=\"container\" data-e-type=\"container\">\n\t\t\t\t<\/div>\n\t\t\t\t<\/div>\n\t\t<div class=\"elementor-element elementor-element-1364eed1 e-flex e-con-boxed e-con e-parent\" data-id=\"1364eed1\" data-element_type=\"container\" data-e-type=\"container\">\n\t\t\t\t\t<div class=\"e-con-inner\">\n\t\t<div class=\"elementor-element elementor-element-6538a711 e-con-full e-flex e-con e-child\" data-id=\"6538a711\" data-element_type=\"container\" data-e-type=\"container\">\n\t\t\t\t<div class=\"elementor-element elementor-element-415464e4 elementor-widget elementor-widget-text-editor\" data-id=\"415464e4\" data-element_type=\"widget\" data-e-type=\"widget\" data-widget_type=\"text-editor.default\">\n\t\t\t\t\t\t\t\t\t<p><\/p>\n<p><strong>Senast uppdaterad:<\/strong> 2024-10-17<\/p>\n<p><\/p>\n<p>V\u00e4lkommen till CV2GO. Denna cookiepolicy f\u00f6rklarar hur vi anv\u00e4nder cookies och liknande teknologier p\u00e5 v\u00e5r webbplats.<\/p>\n<p><\/p>\n<p><strong>Vad \u00e4r cookies?<\/strong><\/p>\n<p><\/p>\n<p>Cookies \u00e4r sm\u00e5 filer som lagras p\u00e5 din enhet (dator, surfplatta eller mobil) n\u00e4r du bes\u00f6ker en webbplats. De anv\u00e4nds f\u00f6r att f\u00f6rb\u00e4ttra anv\u00e4ndarupplevelsen, analysera webbtrafik och st\u00f6dja marknadsf\u00f6ringsaktiviteter.<\/p>\n<p><\/p>\n<p><strong>Hur anv\u00e4nder vi cookies?<\/strong><\/p>\n<p><\/p>\n<p>P\u00e5 CV2GO anv\u00e4nder vi cookies f\u00f6r att:<\/p>\n<p><\/p>\n<ul class=\"wp-block-list\">\n<li>F\u00f6rb\u00e4ttra webbplatsens funktionalitet.<\/li>\n\n<li>Analysera anv\u00e4ndningen av webbplatsen med hj\u00e4lp av Google Analytics.<\/li>\n\n<li>St\u00f6dja marknadsf\u00f6ringsaktiviteter via Google AdSense och Google ADX.<\/li>\n<\/ul>\n<p><\/p>\n<p><strong>Tredjepartscookies<\/strong><\/p>\n<p><\/p>\n<p>Vi anv\u00e4nder ocks\u00e5 tredjepartstj\u00e4nster som Google Analytics, Google AdSense, Google ADX, Stripe och PayPal, som kan placera cookies f\u00f6r att analysera aktiviteter p\u00e5 webbplatsen och utf\u00f6ra andra funktioner.<\/p>\n<p><\/p>\n<p><strong>Hur kan du hantera cookies?<\/strong><\/p>\n<p><\/p>\n<p>Du kan hantera eller ta bort cookies i webbl\u00e4sarens inst\u00e4llningar. Observera att inaktivering av cookies kan p\u00e5verka webbplatsens funktionalitet.<\/p>\n<p><\/p>\n<p><strong>Kontakta oss<\/strong><\/p>\n<p><\/p>\n<p>Om du har n\u00e5gra fr\u00e5gor om v\u00e5r cookiepolicy, v\u00e4nligen kontakta oss:<\/p>\n<p><\/p>\n<ul class=\"wp-block-list\">\n<li>Email: <a>support@cv2go.no<\/a><\/li>\n\n<li>Email: <a>contact@cv2go.no<\/a><\/li>\n\n<li>Telefon: +947 403 35 315<\/li>\n<\/ul>\n<p><\/p>\n<p>F\u00f6r den ursprungliga versionen av dessa villkor, se den engelska versionen p\u00e5 v\u00e5r huvudsida: <a href=\"https:\/\/cv2go.no\">https:\/\/cv2go.no<\/a>. Vid eventuella skillnader mellan de \u00f6versatta versionerna och originalet g\u00e4ller den engelska versionen.<\/p>\n<p><\/p>\t\t\t\t\t\t\t\t<\/div>\n\t\t\t\t<\/div>\n\t\t\t\t\t<\/div>\n\t\t\t\t<\/div>\n\t\t\t\t<\/div>\n\t\t","protected":false},"excerpt":{"rendered":"<p>Senast uppdaterad: 2024-10-17 V\u00e4lkommen till CV2GO. Denna cookiepolicy f\u00f6rklarar hur vi anv\u00e4nder cookies och liknande teknologier p\u00e5 v\u00e5r webbplats. Vad \u00e4r cookies? Cookies \u00e4r sm\u00e5 filer som lagras p\u00e5 din enhet (dator, surfplatta eller mobil) n\u00e4r du bes\u00f6ker en webbplats. De anv\u00e4nds f\u00f6r att f\u00f6rb\u00e4ttra anv\u00e4ndarupplevelsen, analysera webbtrafik och st\u00f6dja marknadsf\u00f6ringsaktiviteter. Hur anv\u00e4nder vi cookies? [&hellip;]<\/p>\n","protected":false},"author":2,"featured_media":0,"parent":0,"menu_order":0,"comment_status":"closed","ping_status":"closed","template":"elementor_header_footer","meta":{"_acf_changed":false,"site-sidebar-layout":"default","site-content-layout":"","ast-site-content-layout":"default","site-content-style":"default","site-sidebar-style":"default","ast-global-header-display":"","ast-banner-title-visibility":"","ast-main-header-display":"","ast-hfb-above-header-display":"","ast-hfb-below-header-display":"","ast-hfb-mobile-header-display":"","site-post-title":"","ast-breadcrumbs-content":"","ast-featured-img":"","footer-sml-layout":"","ast-disable-related-posts":"","theme-transparent-header-meta":"","adv-header-id-meta":"","stick-header-meta":"","header-above-stick-meta":"","header-main-stick-meta":"","header-below-stick-meta":"","astra-migrate-meta-layouts":"default","ast-page-background-enabled":"default","ast-page-background-meta":{"desktop":{"background-color":"","background-image":"","background-repeat":"repeat","background-position":"center center","background-size":"auto","background-attachment":"scroll","background-type":"","background-media":"","overlay-type":"","overlay-color":"","overlay-opacity":"","overlay-gradient":""},"tablet":{"background-color":"","background-image":"","background-repeat":"repeat","background-position":"center center","background-size":"auto","background-attachment":"scroll","background-type":"","background-media":"","overlay-type":"","overlay-color":"","overlay-opacity":"","overlay-gradient":""},"mobile":{"background-color":"","background-image":"","background-repeat":"repeat","background-position":"center center","background-size":"auto","background-attachment":"scroll","background-type":"","background-media":"","overlay-type":"","overlay-color":"","overlay-opacity":"","overlay-gradient":""}},"ast-content-background-meta":{"desktop":{"background-color":"var(--ast-global-color-5)","background-image":"","background-repeat":"repeat","background-position":"center center","background-size":"auto","background-attachment":"scroll","background-type":"","background-media":"","overlay-type":"","overlay-color":"","overlay-opacity":"","overlay-gradient":""},"tablet":{"background-color":"var(--ast-global-color-5)","background-image":"","background-repeat":"repeat","background-position":"center center","background-size":"auto","background-attachment":"scroll","background-type":"","background-media":"","overlay-type":"","overlay-color":"","overlay-opacity":"","overlay-gradient":""},"mobile":{"background-color":"var(--ast-global-color-5)","background-image":"","background-repeat":"repeat","background-position":"center center","background-size":"auto","background-attachment":"scroll","background-type":"","background-media":"","overlay-type":"","overlay-color":"","overlay-opacity":"","overlay-gradient":""}},"footnotes":""},"class_list":["post-23","page","type-page","status-publish","hentry"],"acf":[],"_links":{"self":[{"href":"https:\/\/cv2go.no\/sv\/wp-json\/wp\/v2\/pages\/23","targetHints":{"allow":["GET"]}}],"collection":[{"href":"https:\/\/cv2go.no\/sv\/wp-json\/wp\/v2\/pages"}],"about":[{"href":"https:\/\/cv2go.no\/sv\/wp-json\/wp\/v2\/types\/page"}],"author":[{"embeddable":true,"href":"https:\/\/cv2go.no\/sv\/wp-json\/wp\/v2\/users\/2"}],"replies":[{"embeddable":true,"href":"https:\/\/cv2go.no\/sv\/wp-json\/wp\/v2\/comments?post=23"}],"version-history":[{"count":0,"href":"https:\/\/cv2go.no\/sv\/wp-json\/wp\/v2\/pages\/23\/revisions"}],"wp:attachment":[{"href":"https:\/\/cv2go.no\/sv\/wp-json\/wp\/v2\/media?parent=23"}],"curies":[{"name":"wp","href":"https:\/\/api.w.org\/{rel}","templated":true}]}}