{"id":27,"date":"2024-10-17T01:40:24","date_gmt":"2024-10-17T01:40:24","guid":{"rendered":"https:\/\/cv2go.no\/pl\/?page_id=27"},"modified":"2025-03-16T13:28:41","modified_gmt":"2025-03-16T13:28:41","slug":"polityka-zwrotow","status":"publish","type":"page","link":"https:\/\/cv2go.no\/pl\/polityka-zwrotow\/","title":{"rendered":"Polityka zwrot\u00f3w"},"content":{"rendered":"\t\t<div data-elementor-type=\"wp-page\" data-elementor-id=\"27\" class=\"elementor elementor-27\" data-elementor-post-type=\"page\">\n\t\t\t\t<div class=\"elementor-element elementor-element-2ed2e181 e-con-full e-flex e-con e-parent\" data-id=\"2ed2e181\" data-element_type=\"container\" data-e-type=\"container\" data-settings=\"{&quot;background_background&quot;:&quot;classic&quot;}\">\n\t\t<div class=\"elementor-element elementor-element-553e7511 e-con-full e-flex e-con e-child\" data-id=\"553e7511\" data-element_type=\"container\" data-e-type=\"container\">\n\t\t\t\t<\/div>\n\t\t\t\t<\/div>\n\t\t<div class=\"elementor-element elementor-element-7a369c0a e-flex e-con-boxed e-con e-parent\" data-id=\"7a369c0a\" data-element_type=\"container\" data-e-type=\"container\" data-settings=\"{&quot;background_background&quot;:&quot;classic&quot;}\">\n\t\t\t\t\t<div class=\"e-con-inner\">\n\t\t<div class=\"elementor-element elementor-element-1286ff66 e-con-full e-flex e-con e-child\" data-id=\"1286ff66\" data-element_type=\"container\" data-e-type=\"container\">\n\t\t\t\t<div class=\"elementor-element elementor-element-4e2a844b elementor-widget elementor-widget-text-editor\" data-id=\"4e2a844b\" data-element_type=\"widget\" data-e-type=\"widget\" data-widget_type=\"text-editor.default\">\n\t\t\t\t\t\t\t\t\t<p><\/p>\n<p><strong>Ostatnia aktualizacja:<\/strong> 17.10.2024<\/p>\n<p><\/p>\n<p>W CV2GO chcemy, aby\u015b by\u0142 zadowolony z zakupu. Je\u015bli nie jeste\u015b zadowolony z naszych us\u0142ug, mo\u017cesz za\u017c\u0105da\u0107 zwrotu zgodnie z niniejsz\u0105 polityk\u0105 zwrot\u00f3w.<\/p>\n<p><\/p>\n<p><strong>Polityka zwrot\u00f3w<\/strong><\/p>\n<p><\/p>\n<ul class=\"wp-block-list\">\n<li>Mo\u017cesz za\u017c\u0105da\u0107 zwrotu w ci\u0105gu tygodnia od daty zakupu.<\/li>\n\n<li>Aby rozpocz\u0105\u0107 proces zwrotu, skontaktuj si\u0119 z nami za po\u015brednictwem poczty elektronicznej na adres <a>support@cv2go.no<\/a> lub <a>contact@cv2go.no<\/a>.<\/li>\n\n<li>Zwroty zostan\u0105 wydane na pierwotn\u0105 metod\u0119 p\u0142atno\u015bci u\u017cywan\u0105 do zakupu.<\/li>\n\n<li>Zwroty b\u0119d\u0105 przetwarzane w ci\u0105gu 5-10 dni roboczych po zatwierdzeniu.<\/li>\n<\/ul>\n<p><\/p>\n<p><strong>Wyj\u0105tki od prawa do zwrotu<\/strong><\/p>\n<p><\/p>\n<p>Niekt\u00f3re rodzaje produkt\u00f3w i us\u0142ug nie podlegaj\u0105 zwrotowi. Obejmuje to, ale nie ogranicza si\u0119 do:<\/p>\n<p><\/p>\n<ul class=\"wp-block-list\">\n<li>Us\u0142ugi, kt\u00f3re zosta\u0142y w pe\u0142ni zrealizowane w momencie \u017c\u0105dania zwrotu.<\/li>\n\n<li>Spersonalizowane szablony CV utworzone na zam\u00f3wienie.<\/li>\n<\/ul>\n<p><\/p>\n<p><strong>Zmiany w polityce zwrot\u00f3w<\/strong><\/p>\n<p><\/p>\n<p>Zastrzegamy sobie prawo do aktualizacji lub zmiany niniejszej polityki zwrot\u00f3w w dowolnym momencie. Wszelkie zmiany zostan\u0105 opublikowane na tej stronie, a data ostatniej aktualizacji zostanie dostosowana.<\/p>\n<p><\/p>\n<p><strong>Skontaktuj si\u0119 z nami<\/strong><\/p>\n<p><\/p>\n<p>Je\u015bli masz pytania dotycz\u0105ce naszej polityki zwrot\u00f3w, mo\u017cesz si\u0119 z nami skontaktowa\u0107:<\/p>\n<p><\/p>\n<ul class=\"wp-block-list\">\n<li>Email: <a>support@cv2go.no<\/a><\/li>\n\n<li>Email: <a>contact@cv2go.no<\/a><\/li>\n\n<li>Telefon: +947 403 35 315<\/li>\n<\/ul>\n<p><\/p>\n<p>Aby uzyska\u0107 oryginaln\u0105 wersj\u0119 tych warunk\u00f3w, prosimy zapozna\u0107 si\u0119 z angielsk\u0105 wersj\u0105 na naszej g\u0142\u00f3wnej stronie: <a href=\"https:\/\/cv2go.no\">https:\/\/cv2go.no<\/a>. W przypadku rozbie\u017cno\u015bci mi\u0119dzy przet\u0142umaczonymi wersjami a orygina\u0142em, pierwsze\u0144stwo ma wersja angielska.<\/p>\n<p><\/p>\t\t\t\t\t\t\t\t<\/div>\n\t\t\t\t<\/div>\n\t\t\t\t\t<\/div>\n\t\t\t\t<\/div>\n\t\t\t\t<\/div>\n\t\t","protected":false},"excerpt":{"rendered":"<p>Ostatnia aktualizacja: 17.10.2024 W CV2GO chcemy, aby\u015b by\u0142 zadowolony z zakupu. Je\u015bli nie jeste\u015b zadowolony z naszych us\u0142ug, mo\u017cesz za\u017c\u0105da\u0107 zwrotu zgodnie z niniejsz\u0105 polityk\u0105 zwrot\u00f3w. Polityka zwrot\u00f3w Wyj\u0105tki od prawa do zwrotu Niekt\u00f3re rodzaje produkt\u00f3w i us\u0142ug nie podlegaj\u0105 zwrotowi. Obejmuje to, ale nie ogranicza si\u0119 do: Zmiany w polityce zwrot\u00f3w Zastrzegamy sobie prawo [&hellip;]<\/p>\n","protected":false},"author":2,"featured_media":0,"parent":0,"menu_order":0,"comment_status":"closed","ping_status":"closed","template":"elementor_header_footer","meta":{"_acf_changed":false,"site-sidebar-layout":"default","site-content-layout":"","ast-site-content-layout":"default","site-content-style":"default","site-sidebar-style":"default","ast-global-header-display":"","ast-banner-title-visibility":"","ast-main-header-display":"","ast-hfb-above-header-display":"","ast-hfb-below-header-display":"","ast-hfb-mobile-header-display":"","site-post-title":"","ast-breadcrumbs-content":"","ast-featured-img":"","footer-sml-layout":"","ast-disable-related-posts":"","theme-transparent-header-meta":"","adv-header-id-meta":"","stick-header-meta":"","header-above-stick-meta":"","header-main-stick-meta":"","header-below-stick-meta":"","astra-migrate-meta-layouts":"default","ast-page-background-enabled":"default","ast-page-background-meta":{"desktop":{"background-color":"","background-image":"","background-repeat":"repeat","background-position":"center center","background-size":"auto","background-attachment":"scroll","background-type":"","background-media":"","overlay-type":"","overlay-color":"","overlay-opacity":"","overlay-gradient":""},"tablet":{"background-color":"","background-image":"","background-repeat":"repeat","background-position":"center center","background-size":"auto","background-attachment":"scroll","background-type":"","background-media":"","overlay-type":"","overlay-color":"","overlay-opacity":"","overlay-gradient":""},"mobile":{"background-color":"","background-image":"","background-repeat":"repeat","background-position":"center center","background-size":"auto","background-attachment":"scroll","background-type":"","background-media":"","overlay-type":"","overlay-color":"","overlay-opacity":"","overlay-gradient":""}},"ast-content-background-meta":{"desktop":{"background-color":"var(--ast-global-color-5)","background-image":"","background-repeat":"repeat","background-position":"center center","background-size":"auto","background-attachment":"scroll","background-type":"","background-media":"","overlay-type":"","overlay-color":"","overlay-opacity":"","overlay-gradient":""},"tablet":{"background-color":"var(--ast-global-color-5)","background-image":"","background-repeat":"repeat","background-position":"center center","background-size":"auto","background-attachment":"scroll","background-type":"","background-media":"","overlay-type":"","overlay-color":"","overlay-opacity":"","overlay-gradient":""},"mobile":{"background-color":"var(--ast-global-color-5)","background-image":"","background-repeat":"repeat","background-position":"center center","background-size":"auto","background-attachment":"scroll","background-type":"","background-media":"","overlay-type":"","overlay-color":"","overlay-opacity":"","overlay-gradient":""}},"footnotes":""},"class_list":["post-27","page","type-page","status-publish","hentry"],"acf":[],"_links":{"self":[{"href":"https:\/\/cv2go.no\/pl\/wp-json\/wp\/v2\/pages\/27","targetHints":{"allow":["GET"]}}],"collection":[{"href":"https:\/\/cv2go.no\/pl\/wp-json\/wp\/v2\/pages"}],"about":[{"href":"https:\/\/cv2go.no\/pl\/wp-json\/wp\/v2\/types\/page"}],"author":[{"embeddable":true,"href":"https:\/\/cv2go.no\/pl\/wp-json\/wp\/v2\/users\/2"}],"replies":[{"embeddable":true,"href":"https:\/\/cv2go.no\/pl\/wp-json\/wp\/v2\/comments?post=27"}],"version-history":[{"count":0,"href":"https:\/\/cv2go.no\/pl\/wp-json\/wp\/v2\/pages\/27\/revisions"}],"wp:attachment":[{"href":"https:\/\/cv2go.no\/pl\/wp-json\/wp\/v2\/media?parent=27"}],"curies":[{"name":"wp","href":"https:\/\/api.w.org\/{rel}","templated":true}]}}