{"id":23,"date":"2024-10-17T01:25:28","date_gmt":"2024-10-17T01:25:28","guid":{"rendered":"https:\/\/cv2go.no\/pl\/?page_id=23"},"modified":"2025-03-16T13:29:11","modified_gmt":"2025-03-16T13:29:11","slug":"oswiadczenie-o-wylaczeniu-odpowiedzialnosci","status":"publish","type":"page","link":"https:\/\/cv2go.no\/pl\/oswiadczenie-o-wylaczeniu-odpowiedzialnosci\/","title":{"rendered":"O\u015bwiadczenie o wy\u0142\u0105czeniu odpowiedzialno\u015bci"},"content":{"rendered":"\t\t<div data-elementor-type=\"wp-page\" data-elementor-id=\"23\" class=\"elementor elementor-23\" data-elementor-post-type=\"page\">\n\t\t\t\t<div class=\"elementor-element elementor-element-5bf523dd e-con-full e-flex e-con e-parent\" data-id=\"5bf523dd\" data-element_type=\"container\" data-e-type=\"container\" data-settings=\"{&quot;background_background&quot;:&quot;classic&quot;}\">\n\t\t<div class=\"elementor-element elementor-element-7b82895f e-con-full e-flex e-con e-child\" data-id=\"7b82895f\" data-element_type=\"container\" data-e-type=\"container\">\n\t\t\t\t<\/div>\n\t\t\t\t<\/div>\n\t\t<div class=\"elementor-element elementor-element-3aab260a e-flex e-con-boxed e-con e-parent\" data-id=\"3aab260a\" data-element_type=\"container\" data-e-type=\"container\" data-settings=\"{&quot;background_background&quot;:&quot;classic&quot;}\">\n\t\t\t\t\t<div class=\"e-con-inner\">\n\t\t<div class=\"elementor-element elementor-element-5ed5e1ba e-con-full e-flex e-con e-child\" data-id=\"5ed5e1ba\" data-element_type=\"container\" data-e-type=\"container\">\n\t\t\t\t<div class=\"elementor-element elementor-element-20e3a9ce elementor-widget elementor-widget-text-editor\" data-id=\"20e3a9ce\" data-element_type=\"widget\" data-e-type=\"widget\" data-widget_type=\"text-editor.default\">\n\t\t\t\t\t\t\t\t\t<p><\/p>\n<p><strong>Ostatnia aktualizacja:<\/strong> 17.10.2024<\/p>\n<p><\/p>\n<p>Witamy na CV2GO. Niniejsze o\u015bwiadczenie o wy\u0142\u0105czeniu odpowiedzialno\u015bci reguluje korzystanie z naszej strony internetowej. Korzystaj\u0105c z tej strony, akceptujesz warunki niniejszego o\u015bwiadczenia o wy\u0142\u0105czeniu odpowiedzialno\u015bci.<\/p>\n<p><\/p>\n<p><strong>Tre\u015b\u0107 CV2GO<\/strong><\/p>\n<p><\/p>\n<p>Tre\u015bci zawarte na CV2GO s\u0105 udost\u0119pniane wy\u0142\u0105cznie w celach informacyjnych. Staramy si\u0119, aby informacje by\u0142y aktualne i dok\u0142adne, ale nie udzielamy \u017cadnych gwarancji, wyra\u017anych ani domniemanych, co do kompletno\u015bci, dok\u0142adno\u015bci, rzetelno\u015bci, przydatno\u015bci lub dost\u0119pno\u015bci strony lub zawartych na niej informacji, produkt\u00f3w, us\u0142ug lub powi\u0105zanych grafik.<\/p>\n<p><\/p>\n<p><strong>Odpowiedzialno\u015b\u0107 za linki zewn\u0119trzne<\/strong><\/p>\n<p><\/p>\n<p>CV2GO mo\u017ce zawiera\u0107 linki do zewn\u0119trznych stron internetowych, nad kt\u00f3rymi nie mamy kontroli. Nie ponosimy odpowiedzialno\u015bci za tre\u015b\u0107 ani dost\u0119pno\u015b\u0107 tych zewn\u0119trznych stron. Poleganie na informacjach pochodz\u0105cych z link\u00f3w zewn\u0119trznych odbywa si\u0119 na w\u0142asne ryzyko.<\/p>\n<p><\/p>\n<p><strong>Ograniczenie odpowiedzialno\u015bci<\/strong><\/p>\n<p><\/p>\n<p>CV2GO ani jego przedstawiciele nie ponosz\u0105 odpowiedzialno\u015bci za jakiekolwiek straty lub szkody wynikaj\u0105ce z korzystania ze strony, w tym mi\u0119dzy innymi za szkody bezpo\u015brednie, po\u015brednie lub wynikowe.<\/p>\n<p><\/p>\n<p><strong>Zmiany<\/strong><\/p>\n<p><\/p>\n<p>Zastrzegamy sobie prawo do zmiany niniejszego o\u015bwiadczenia o wy\u0142\u0105czeniu odpowiedzialno\u015bci w dowolnym momencie. Wszelkie zmiany wchodz\u0105 w \u017cycie natychmiast po ich opublikowaniu na stronie internetowej.<\/p>\n<p><\/p>\n<p><strong>Skontaktuj si\u0119 z nami<\/strong><\/p>\n<p><\/p>\n<p>Je\u015bli masz pytania dotycz\u0105ce tego o\u015bwiadczenia o wy\u0142\u0105czeniu odpowiedzialno\u015bci, mo\u017cesz si\u0119 z nami skontaktowa\u0107:<\/p>\n<p><\/p>\n<ul class=\"wp-block-list\">\n<li>Email: <a>support@cv2go.no<\/a><\/li>\n\n<li>Email: <a>contact@cv2go.no<\/a><\/li>\n\n<li>Telefon: +947 403 35 315<\/li>\n<\/ul>\n<p><\/p>\n<p>Aby uzyska\u0107 oryginaln\u0105 wersj\u0119 tych warunk\u00f3w, prosimy zapozna\u0107 si\u0119 z angielsk\u0105 wersj\u0105 na naszej g\u0142\u00f3wnej stronie: <a href=\"https:\/\/cv2go.no\">https:\/\/cv2go.no<\/a>. W przypadku rozbie\u017cno\u015bci mi\u0119dzy przet\u0142umaczonymi wersjami a orygina\u0142em, pierwsze\u0144stwo ma wersja angielska.<\/p>\n<p><\/p>\t\t\t\t\t\t\t\t<\/div>\n\t\t\t\t<\/div>\n\t\t\t\t\t<\/div>\n\t\t\t\t<\/div>\n\t\t\t\t<\/div>\n\t\t","protected":false},"excerpt":{"rendered":"<p>Ostatnia aktualizacja: 17.10.2024 Witamy na CV2GO. Niniejsze o\u015bwiadczenie o wy\u0142\u0105czeniu odpowiedzialno\u015bci reguluje korzystanie z naszej strony internetowej. Korzystaj\u0105c z tej strony, akceptujesz warunki niniejszego o\u015bwiadczenia o wy\u0142\u0105czeniu odpowiedzialno\u015bci. Tre\u015b\u0107 CV2GO Tre\u015bci zawarte na CV2GO s\u0105 udost\u0119pniane wy\u0142\u0105cznie w celach informacyjnych. Staramy si\u0119, aby informacje by\u0142y aktualne i dok\u0142adne, ale nie udzielamy \u017cadnych gwarancji, wyra\u017anych ani [&hellip;]<\/p>\n","protected":false},"author":2,"featured_media":0,"parent":0,"menu_order":0,"comment_status":"closed","ping_status":"closed","template":"elementor_header_footer","meta":{"_acf_changed":false,"site-sidebar-layout":"default","site-content-layout":"","ast-site-content-layout":"default","site-content-style":"default","site-sidebar-style":"default","ast-global-header-display":"","ast-banner-title-visibility":"","ast-main-header-display":"","ast-hfb-above-header-display":"","ast-hfb-below-header-display":"","ast-hfb-mobile-header-display":"","site-post-title":"","ast-breadcrumbs-content":"","ast-featured-img":"","footer-sml-layout":"","ast-disable-related-posts":"","theme-transparent-header-meta":"","adv-header-id-meta":"","stick-header-meta":"","header-above-stick-meta":"","header-main-stick-meta":"","header-below-stick-meta":"","astra-migrate-meta-layouts":"default","ast-page-background-enabled":"default","ast-page-background-meta":{"desktop":{"background-color":"","background-image":"","background-repeat":"repeat","background-position":"center center","background-size":"auto","background-attachment":"scroll","background-type":"","background-media":"","overlay-type":"","overlay-color":"","overlay-opacity":"","overlay-gradient":""},"tablet":{"background-color":"","background-image":"","background-repeat":"repeat","background-position":"center center","background-size":"auto","background-attachment":"scroll","background-type":"","background-media":"","overlay-type":"","overlay-color":"","overlay-opacity":"","overlay-gradient":""},"mobile":{"background-color":"","background-image":"","background-repeat":"repeat","background-position":"center center","background-size":"auto","background-attachment":"scroll","background-type":"","background-media":"","overlay-type":"","overlay-color":"","overlay-opacity":"","overlay-gradient":""}},"ast-content-background-meta":{"desktop":{"background-color":"var(--ast-global-color-5)","background-image":"","background-repeat":"repeat","background-position":"center center","background-size":"auto","background-attachment":"scroll","background-type":"","background-media":"","overlay-type":"","overlay-color":"","overlay-opacity":"","overlay-gradient":""},"tablet":{"background-color":"var(--ast-global-color-5)","background-image":"","background-repeat":"repeat","background-position":"center center","background-size":"auto","background-attachment":"scroll","background-type":"","background-media":"","overlay-type":"","overlay-color":"","overlay-opacity":"","overlay-gradient":""},"mobile":{"background-color":"var(--ast-global-color-5)","background-image":"","background-repeat":"repeat","background-position":"center center","background-size":"auto","background-attachment":"scroll","background-type":"","background-media":"","overlay-type":"","overlay-color":"","overlay-opacity":"","overlay-gradient":""}},"footnotes":""},"class_list":["post-23","page","type-page","status-publish","hentry"],"acf":[],"_links":{"self":[{"href":"https:\/\/cv2go.no\/pl\/wp-json\/wp\/v2\/pages\/23","targetHints":{"allow":["GET"]}}],"collection":[{"href":"https:\/\/cv2go.no\/pl\/wp-json\/wp\/v2\/pages"}],"about":[{"href":"https:\/\/cv2go.no\/pl\/wp-json\/wp\/v2\/types\/page"}],"author":[{"embeddable":true,"href":"https:\/\/cv2go.no\/pl\/wp-json\/wp\/v2\/users\/2"}],"replies":[{"embeddable":true,"href":"https:\/\/cv2go.no\/pl\/wp-json\/wp\/v2\/comments?post=23"}],"version-history":[{"count":0,"href":"https:\/\/cv2go.no\/pl\/wp-json\/wp\/v2\/pages\/23\/revisions"}],"wp:attachment":[{"href":"https:\/\/cv2go.no\/pl\/wp-json\/wp\/v2\/media?parent=23"}],"curies":[{"name":"wp","href":"https:\/\/api.w.org\/{rel}","templated":true}]}}