{"id":49,"date":"2024-10-17T01:40:15","date_gmt":"2024-10-17T01:40:15","guid":{"rendered":"https:\/\/cv2go.no\/no\/?page_id=49"},"modified":"2025-03-10T01:14:49","modified_gmt":"2025-03-10T01:14:49","slug":"angrerettspolitikk","status":"publish","type":"page","link":"https:\/\/cv2go.no\/no\/angrerettspolitikk\/","title":{"rendered":"Angrerettspolitikk"},"content":{"rendered":"\t\t<div data-elementor-type=\"wp-page\" data-elementor-id=\"49\" class=\"elementor elementor-49\" data-elementor-post-type=\"page\">\n\t\t\t\t<div class=\"elementor-element elementor-element-4cc352e6 e-con-full e-flex e-con e-parent\" data-id=\"4cc352e6\" data-element_type=\"container\" data-e-type=\"container\" data-settings=\"{&quot;background_background&quot;:&quot;classic&quot;}\">\n\t\t<div class=\"elementor-element elementor-element-2d2398d5 e-con-full e-flex e-con e-child\" data-id=\"2d2398d5\" data-element_type=\"container\" data-e-type=\"container\">\n\t\t\t\t<\/div>\n\t\t\t\t<\/div>\n\t\t<div class=\"elementor-element elementor-element-2e994ffa e-flex e-con-boxed e-con e-parent\" data-id=\"2e994ffa\" data-element_type=\"container\" data-e-type=\"container\" data-settings=\"{&quot;background_background&quot;:&quot;classic&quot;}\">\n\t\t\t\t\t<div class=\"e-con-inner\">\n\t\t<div class=\"elementor-element elementor-element-1bdef6b1 e-con-full e-flex e-con e-child\" data-id=\"1bdef6b1\" data-element_type=\"container\" data-e-type=\"container\">\n\t\t\t\t<div class=\"elementor-element elementor-element-68c803b6 elementor-widget elementor-widget-text-editor\" data-id=\"68c803b6\" data-element_type=\"widget\" data-e-type=\"widget\" data-widget_type=\"text-editor.default\">\n\t\t\t\t\t\t\t\t\t<p><\/p>\n<p><strong>Sist oppdatert:<\/strong> 17\/10\/2024<\/p>\n<p><\/p>\n<p>Hos CV2GO \u00f8nsker vi at du skal v\u00e6re forn\u00f8yd med kj\u00f8pet ditt. Hvis du ikke er forn\u00f8yd med tjenestene v\u00e5re, kan du be om refusjon i henhold til denne angrerettspolitikken.<\/p>\n<p><\/p>\n<p><strong>Retningslinjer for refusjon<\/strong><\/p>\n<p><\/p>\n<ul class=\"wp-block-list\">\n<li>Du kan be om refusjon innen \u00e9n uke fra kj\u00f8psdatoen.<\/li>\n\n<li>For \u00e5 starte en refusjonsprosess, vennligst kontakt oss via e-post p\u00e5 <a>support@cv2go.no<\/a> eller <a>contact@cv2go.no<\/a>.<\/li>\n\n<li>Refusjoner vil bli utstedt tilbake til den opprinnelige betalingsmetoden som ble brukt til kj\u00f8pet.<\/li>\n\n<li>Eventuelle refusjoner vil bli behandlet innen 5-10 virkedager etter godkjenning.<\/li>\n<\/ul>\n<p><\/p>\n<p><strong>Unntak fra refusjonsretten<\/strong><\/p>\n<p><\/p>\n<p>Visse typer produkter og tjenester kan ikke refunderes. Dette inkluderer, men er ikke begrenset til, f\u00f8lgende:<\/p>\n<p><\/p>\n<ul class=\"wp-block-list\">\n<li>Tjenester som er fullt ut levert p\u00e5 tidspunktet for refusjonsforesp\u00f8rselen.<\/li>\n\n<li>Tilpassede CV-maler som er laget p\u00e5 foresp\u00f8rsel.<\/li>\n<\/ul>\n<p><\/p>\n<p><strong>Endringer i refusjonspolitikken<\/strong><\/p>\n<p><\/p>\n<p>Vi forbeholder oss retten til \u00e5 oppdatere eller endre denne refusjonspolitikken n\u00e5r som helst. Eventuelle endringer vil bli publisert p\u00e5 denne siden, og datoen for siste oppdatering vil bli justert.<\/p>\n<p><\/p>\n<p><strong>Kontakt oss<\/strong><\/p>\n<p><\/p>\n<p>Hvis du har sp\u00f8rsm\u00e5l om v\u00e5r refusjonspolitikk, kan du kontakte oss:<\/p>\n<p><\/p>\n<ul class=\"wp-block-list\">\n<li>Email: <a>support@cv2go.no<\/a><\/li>\n\n<li>Email: <a>contact@cv2go.no<\/a><\/li>\n\n<li>Telefon: +947 403 35 315<\/li>\n<\/ul>\n<p><\/p>\n<p>For den originale versjonen av disse vilk\u00e5rene, vennligst se den engelske versjonen p\u00e5 v\u00e5r hovedside: <a href=\"https:\/\/cv2go.no\">https:\/\/cv2go.no<\/a>. Ved uoverensstemmelser mellom de oversatte versjonene og originalen, vil den engelske versjonen v\u00e6re gjeldende.<\/p>\n<p><\/p>\t\t\t\t\t\t\t\t<\/div>\n\t\t\t\t<\/div>\n\t\t\t\t\t<\/div>\n\t\t\t\t<\/div>\n\t\t\t\t<\/div>\n\t\t","protected":false},"excerpt":{"rendered":"<p>Sist oppdatert: 17\/10\/2024 Hos CV2GO \u00f8nsker vi at du skal v\u00e6re forn\u00f8yd med kj\u00f8pet ditt. Hvis du ikke er forn\u00f8yd med tjenestene v\u00e5re, kan du be om refusjon i henhold til denne angrerettspolitikken. Retningslinjer for [&hellip;]<\/p>\n","protected":false},"author":2,"featured_media":0,"parent":0,"menu_order":0,"comment_status":"closed","ping_status":"closed","template":"","meta":{"_acf_changed":false,"site-sidebar-layout":"default","site-content-layout":"","ast-site-content-layout":"default","site-content-style":"default","site-sidebar-style":"default","ast-global-header-display":"","ast-banner-title-visibility":"","ast-main-header-display":"","ast-hfb-above-header-display":"","ast-hfb-below-header-display":"","ast-hfb-mobile-header-display":"","site-post-title":"","ast-breadcrumbs-content":"","ast-featured-img":"","footer-sml-layout":"","ast-disable-related-posts":"","theme-transparent-header-meta":"","adv-header-id-meta":"","stick-header-meta":"","header-above-stick-meta":"","header-main-stick-meta":"","header-below-stick-meta":"","astra-migrate-meta-layouts":"default","ast-page-background-enabled":"default","ast-page-background-meta":{"desktop":{"background-color":"","background-image":"","background-repeat":"repeat","background-position":"center center","background-size":"auto","background-attachment":"scroll","background-type":"","background-media":"","overlay-type":"","overlay-color":"","overlay-opacity":"","overlay-gradient":""},"tablet":{"background-color":"","background-image":"","background-repeat":"repeat","background-position":"center center","background-size":"auto","background-attachment":"scroll","background-type":"","background-media":"","overlay-type":"","overlay-color":"","overlay-opacity":"","overlay-gradient":""},"mobile":{"background-color":"","background-image":"","background-repeat":"repeat","background-position":"center center","background-size":"auto","background-attachment":"scroll","background-type":"","background-media":"","overlay-type":"","overlay-color":"","overlay-opacity":"","overlay-gradient":""}},"ast-content-background-meta":{"desktop":{"background-color":"var(--ast-global-color-5)","background-image":"","background-repeat":"repeat","background-position":"center center","background-size":"auto","background-attachment":"scroll","background-type":"","background-media":"","overlay-type":"","overlay-color":"","overlay-opacity":"","overlay-gradient":""},"tablet":{"background-color":"var(--ast-global-color-5)","background-image":"","background-repeat":"repeat","background-position":"center center","background-size":"auto","background-attachment":"scroll","background-type":"","background-media":"","overlay-type":"","overlay-color":"","overlay-opacity":"","overlay-gradient":""},"mobile":{"background-color":"var(--ast-global-color-5)","background-image":"","background-repeat":"repeat","background-position":"center center","background-size":"auto","background-attachment":"scroll","background-type":"","background-media":"","overlay-type":"","overlay-color":"","overlay-opacity":"","overlay-gradient":""}},"footnotes":""},"class_list":["post-49","page","type-page","status-publish","hentry"],"acf":[],"_links":{"self":[{"href":"https:\/\/cv2go.no\/no\/wp-json\/wp\/v2\/pages\/49","targetHints":{"allow":["GET"]}}],"collection":[{"href":"https:\/\/cv2go.no\/no\/wp-json\/wp\/v2\/pages"}],"about":[{"href":"https:\/\/cv2go.no\/no\/wp-json\/wp\/v2\/types\/page"}],"author":[{"embeddable":true,"href":"https:\/\/cv2go.no\/no\/wp-json\/wp\/v2\/users\/2"}],"replies":[{"embeddable":true,"href":"https:\/\/cv2go.no\/no\/wp-json\/wp\/v2\/comments?post=49"}],"version-history":[{"count":0,"href":"https:\/\/cv2go.no\/no\/wp-json\/wp\/v2\/pages\/49\/revisions"}],"wp:attachment":[{"href":"https:\/\/cv2go.no\/no\/wp-json\/wp\/v2\/media?parent=49"}],"curies":[{"name":"wp","href":"https:\/\/api.w.org\/{rel}","templated":true}]}}