{"id":45,"date":"2024-10-17T01:25:00","date_gmt":"2024-10-17T01:25:00","guid":{"rendered":"https:\/\/cv2go.no\/no\/?page_id=45"},"modified":"2025-03-10T01:15:21","modified_gmt":"2025-03-10T01:15:21","slug":"ansvarsfraskrivelse","status":"publish","type":"page","link":"https:\/\/cv2go.no\/no\/ansvarsfraskrivelse\/","title":{"rendered":"Ansvarsfraskrivelse"},"content":{"rendered":"\t\t<div data-elementor-type=\"wp-page\" data-elementor-id=\"45\" class=\"elementor elementor-45\" data-elementor-post-type=\"page\">\n\t\t\t\t<div class=\"elementor-element elementor-element-168b529c e-con-full e-flex e-con e-parent\" data-id=\"168b529c\" data-element_type=\"container\" data-e-type=\"container\" data-settings=\"{&quot;background_background&quot;:&quot;classic&quot;}\">\n\t\t<div class=\"elementor-element elementor-element-6978950e e-con-full e-flex e-con e-child\" data-id=\"6978950e\" data-element_type=\"container\" data-e-type=\"container\">\n\t\t\t\t<\/div>\n\t\t\t\t<\/div>\n\t\t<div class=\"elementor-element elementor-element-2f7c64b0 e-flex e-con-boxed e-con e-parent\" data-id=\"2f7c64b0\" data-element_type=\"container\" data-e-type=\"container\" data-settings=\"{&quot;background_background&quot;:&quot;classic&quot;}\">\n\t\t\t\t\t<div class=\"e-con-inner\">\n\t\t<div class=\"elementor-element elementor-element-6609752a e-con-full e-flex e-con e-child\" data-id=\"6609752a\" data-element_type=\"container\" data-e-type=\"container\">\n\t\t\t\t<div class=\"elementor-element elementor-element-538796c5 elementor-widget elementor-widget-text-editor\" data-id=\"538796c5\" data-element_type=\"widget\" data-e-type=\"widget\" data-widget_type=\"text-editor.default\">\n\t\t\t\t\t\t\t\t\t<p><\/p>\n<p><strong>Sist oppdatert:<\/strong> 17\/10\/2024<\/p>\n<p><\/p>\n<p>Velkommen til CV2GO. Denne ansvarsfraskrivelsen regulerer bruken av v\u00e5r nettside. Ved \u00e5 bruke denne nettsiden godtar du betingelsene i denne ansvarsfraskrivelsen.<\/p>\n<p><\/p>\n<p><strong>Innholdet p\u00e5 CV2GO<\/strong><\/p>\n<p><\/p>\n<p>Innholdet p\u00e5 CV2GO er utelukkende for generelle informasjonsform\u00e5l. Vi pr\u00f8ver \u00e5 holde informasjonen oppdatert og korrekt, men vi gir ingen garantier, verken uttrykte eller underforst\u00e5tte, for fullstendighet, n\u00f8yaktighet, p\u00e5litelighet, egnethet eller tilgjengelighet med hensyn til nettstedet eller informasjonen, produktene, tjenestene eller tilh\u00f8rende grafikk som finnes p\u00e5 nettstedet.<\/p>\n<p><\/p>\n<p><strong>Ansvar for eksterne lenker<\/strong><\/p>\n<p><\/p>\n<p>CV2GO kan inneholde lenker til eksterne nettsteder som ikke kontrolleres av oss. Vi er ikke ansvarlige for innholdet eller tilgjengeligheten til disse eksterne nettstedene. Eventuell avhengighet av informasjon fra eksterne lenker er p\u00e5 egen risiko.<\/p>\n<p><\/p>\n<p><strong>Ansvarsbegrensning<\/strong><\/p>\n<p><\/p>\n<p>CV2GO eller dets representanter er ikke ansvarlige for noen form for tap eller skade som oppst\u00e5r som f\u00f8lge av bruk av nettstedet, inkludert, men ikke begrenset til, direkte, indirekte eller f\u00f8lgeskader.<\/p>\n<p><\/p>\n<p><strong>Endringer<\/strong><\/p>\n<p><\/p>\n<p>Vi forbeholder oss retten til \u00e5 endre denne ansvarsfraskrivelsen n\u00e5r som helst. Alle endringer vil tre i kraft umiddelbart etter publisering p\u00e5 nettstedet.<\/p>\n<p><\/p>\n<p><strong>Kontakt oss<\/strong><\/p>\n<p><\/p>\n<p>Hvis du har sp\u00f8rsm\u00e5l om denne ansvarsfraskrivelsen, kan du kontakte oss:<\/p>\n<p><\/p>\n<ul class=\"wp-block-list\">\n<li>Email: <a>support@cv2go.no<\/a><\/li>\n\n<li>Email: <a>contact@cv2go.no<\/a><\/li>\n\n<li>Telefon: +947 403 35 315<\/li>\n<\/ul>\n<p><\/p>\n<p>For den originale versjonen av disse vilk\u00e5rene, vennligst se den engelske versjonen p\u00e5 v\u00e5r hovedside: <a href=\"https:\/\/cv2go.no\">https:\/\/cv2go.no<\/a>. Ved uoverensstemmelser mellom de oversatte versjonene og originalen, vil den engelske versjonen v\u00e6re gjeldende.<\/p>\n<p><\/p>\t\t\t\t\t\t\t\t<\/div>\n\t\t\t\t<\/div>\n\t\t\t\t\t<\/div>\n\t\t\t\t<\/div>\n\t\t\t\t<\/div>\n\t\t","protected":false},"excerpt":{"rendered":"<p>Sist oppdatert: 17\/10\/2024 Velkommen til CV2GO. Denne ansvarsfraskrivelsen regulerer bruken av v\u00e5r nettside. Ved \u00e5 bruke denne nettsiden godtar du betingelsene i denne ansvarsfraskrivelsen. Innholdet p\u00e5 CV2GO Innholdet p\u00e5 CV2GO er utelukkende for generelle informasjonsform\u00e5l. [&hellip;]<\/p>\n","protected":false},"author":2,"featured_media":0,"parent":0,"menu_order":0,"comment_status":"closed","ping_status":"closed","template":"","meta":{"_acf_changed":false,"site-sidebar-layout":"default","site-content-layout":"","ast-site-content-layout":"default","site-content-style":"default","site-sidebar-style":"default","ast-global-header-display":"","ast-banner-title-visibility":"","ast-main-header-display":"","ast-hfb-above-header-display":"","ast-hfb-below-header-display":"","ast-hfb-mobile-header-display":"","site-post-title":"","ast-breadcrumbs-content":"","ast-featured-img":"","footer-sml-layout":"","ast-disable-related-posts":"","theme-transparent-header-meta":"","adv-header-id-meta":"","stick-header-meta":"","header-above-stick-meta":"","header-main-stick-meta":"","header-below-stick-meta":"","astra-migrate-meta-layouts":"default","ast-page-background-enabled":"default","ast-page-background-meta":{"desktop":{"background-color":"","background-image":"","background-repeat":"repeat","background-position":"center center","background-size":"auto","background-attachment":"scroll","background-type":"","background-media":"","overlay-type":"","overlay-color":"","overlay-opacity":"","overlay-gradient":""},"tablet":{"background-color":"","background-image":"","background-repeat":"repeat","background-position":"center center","background-size":"auto","background-attachment":"scroll","background-type":"","background-media":"","overlay-type":"","overlay-color":"","overlay-opacity":"","overlay-gradient":""},"mobile":{"background-color":"","background-image":"","background-repeat":"repeat","background-position":"center center","background-size":"auto","background-attachment":"scroll","background-type":"","background-media":"","overlay-type":"","overlay-color":"","overlay-opacity":"","overlay-gradient":""}},"ast-content-background-meta":{"desktop":{"background-color":"var(--ast-global-color-5)","background-image":"","background-repeat":"repeat","background-position":"center center","background-size":"auto","background-attachment":"scroll","background-type":"","background-media":"","overlay-type":"","overlay-color":"","overlay-opacity":"","overlay-gradient":""},"tablet":{"background-color":"var(--ast-global-color-5)","background-image":"","background-repeat":"repeat","background-position":"center center","background-size":"auto","background-attachment":"scroll","background-type":"","background-media":"","overlay-type":"","overlay-color":"","overlay-opacity":"","overlay-gradient":""},"mobile":{"background-color":"var(--ast-global-color-5)","background-image":"","background-repeat":"repeat","background-position":"center center","background-size":"auto","background-attachment":"scroll","background-type":"","background-media":"","overlay-type":"","overlay-color":"","overlay-opacity":"","overlay-gradient":""}},"footnotes":""},"class_list":["post-45","page","type-page","status-publish","hentry"],"acf":[],"_links":{"self":[{"href":"https:\/\/cv2go.no\/no\/wp-json\/wp\/v2\/pages\/45","targetHints":{"allow":["GET"]}}],"collection":[{"href":"https:\/\/cv2go.no\/no\/wp-json\/wp\/v2\/pages"}],"about":[{"href":"https:\/\/cv2go.no\/no\/wp-json\/wp\/v2\/types\/page"}],"author":[{"embeddable":true,"href":"https:\/\/cv2go.no\/no\/wp-json\/wp\/v2\/users\/2"}],"replies":[{"embeddable":true,"href":"https:\/\/cv2go.no\/no\/wp-json\/wp\/v2\/comments?post=45"}],"version-history":[{"count":0,"href":"https:\/\/cv2go.no\/no\/wp-json\/wp\/v2\/pages\/45\/revisions"}],"wp:attachment":[{"href":"https:\/\/cv2go.no\/no\/wp-json\/wp\/v2\/media?parent=45"}],"curies":[{"name":"wp","href":"https:\/\/api.w.org\/{rel}","templated":true}]}}