{"id":35,"date":"2024-10-17T01:40:16","date_gmt":"2024-10-17T01:40:16","guid":{"rendered":"https:\/\/cv2go.no\/fr\/?page_id=35"},"modified":"2025-03-10T22:46:29","modified_gmt":"2025-03-10T22:46:29","slug":"politique-de-remboursement","status":"publish","type":"page","link":"https:\/\/cv2go.no\/fr\/politique-de-remboursement\/","title":{"rendered":"Politique de remboursement"},"content":{"rendered":"\t\t<div data-elementor-type=\"wp-page\" data-elementor-id=\"35\" class=\"elementor elementor-35\" data-elementor-post-type=\"page\">\n\t\t\t\t<div class=\"elementor-element elementor-element-56893484 e-con-full e-flex e-con e-parent\" data-id=\"56893484\" data-element_type=\"container\" data-e-type=\"container\" data-settings=\"{&quot;background_background&quot;:&quot;classic&quot;}\">\n\t\t<div class=\"elementor-element elementor-element-7d6e965b e-con-full e-flex e-con e-child\" data-id=\"7d6e965b\" data-element_type=\"container\" data-e-type=\"container\">\n\t\t\t\t<\/div>\n\t\t\t\t<\/div>\n\t\t<div class=\"elementor-element elementor-element-3a3c6233 e-flex e-con-boxed e-con e-parent\" data-id=\"3a3c6233\" data-element_type=\"container\" data-e-type=\"container\" data-settings=\"{&quot;background_background&quot;:&quot;classic&quot;}\">\n\t\t\t\t\t<div class=\"e-con-inner\">\n\t\t<div class=\"elementor-element elementor-element-4680b13b e-con-full e-flex e-con e-child\" data-id=\"4680b13b\" data-element_type=\"container\" data-e-type=\"container\">\n\t\t\t\t<div class=\"elementor-element elementor-element-24ae40b2 elementor-widget elementor-widget-text-editor\" data-id=\"24ae40b2\" data-element_type=\"widget\" data-e-type=\"widget\" data-widget_type=\"text-editor.default\">\n\t\t\t\t\t\t\t\t\t<p><\/p>\n<p><strong>Derni\u00e8re mise \u00e0 jour:<\/strong> 17\/10\/2024<\/p>\n<p><\/p>\n<p>Chez CV2GO, nous souhaitons que vous soyez satisfait de votre achat. Si vous n&rsquo;\u00eates pas satisfait de nos services, vous pouvez demander un remboursement conform\u00e9ment \u00e0 cette politique de remboursement.<\/p>\n<p><\/p>\n<p><strong>Politique de remboursement<\/strong><\/p>\n<p><\/p>\n<ul class=\"wp-block-list\">\n<li>Vous pouvez demander un remboursement dans un d\u00e9lai d&rsquo;une semaine \u00e0 compter de la date d&rsquo;achat.<\/li>\n\n<li>Pour lancer un processus de remboursement, veuillez nous contacter par e-mail \u00e0 <a>support@cv2go.no<\/a> ou <a>contact@cv2go.no<\/a>.<\/li>\n\n<li>Les remboursements seront effectu\u00e9s par le m\u00eame mode de paiement utilis\u00e9 lors de l&rsquo;achat.<\/li>\n\n<li>Les remboursements seront trait\u00e9s dans un d\u00e9lai de 5 \u00e0 10 jours ouvrables apr\u00e8s approbation.<\/li>\n<\/ul>\n<p><\/p>\n<p><strong>Exceptions au droit de remboursement<\/strong><\/p>\n<p><\/p>\n<p>Certains types de produits et services ne peuvent pas \u00eatre rembours\u00e9s. Cela inclut, mais sans s&rsquo;y limiter :<\/p>\n<p><\/p>\n<ul class=\"wp-block-list\">\n<li>Les services enti\u00e8rement fournis au moment de la demande de remboursement.<\/li>\n\n<li>Les mod\u00e8les de CV personnalis\u00e9s cr\u00e9\u00e9s sur demande.<\/li>\n<\/ul>\n<p><\/p>\n<p><strong>Modifications de la politique de remboursement<\/strong><\/p>\n<p><\/p>\n<p>Nous nous r\u00e9servons le droit de mettre \u00e0 jour ou de modifier cette politique de remboursement \u00e0 tout moment. Toute modification sera publi\u00e9e sur cette page et la date de la derni\u00e8re mise \u00e0 jour sera ajust\u00e9e.<\/p>\n<p><\/p>\n<p><strong>Contactez-nous<\/strong><\/p>\n<p><\/p>\n<p>Si vous avez des questions sur notre politique de remboursement, veuillez nous contacter :<\/p>\n<p><\/p>\n<ul class=\"wp-block-list\">\n<li>Email: <a>support@cv2go.no<\/a><\/li>\n\n<li>Email: <a>contact@cv2go.no<\/a><\/li>\n\n<li>T\u00e9l\u00e9phone: +947 403 35 315<\/li>\n<\/ul>\n<p><\/p>\n<p>Pour la version originale de ces conditions, veuillez vous r\u00e9f\u00e9rer \u00e0 la version anglaise sur notre site principal : <a href=\"https:\/\/cv2go.no\">https:\/\/cv2go.no<\/a>. En cas de divergences entre les versions traduites et l&rsquo;originale, la version anglaise pr\u00e9vaudra.<\/p>\n<p><\/p>\t\t\t\t\t\t\t\t<\/div>\n\t\t\t\t<\/div>\n\t\t\t\t\t<\/div>\n\t\t\t\t<\/div>\n\t\t\t\t<\/div>\n\t\t","protected":false},"excerpt":{"rendered":"<p>Derni\u00e8re mise \u00e0 jour: 17\/10\/2024 Chez CV2GO, nous souhaitons que vous soyez satisfait de votre achat. Si vous n&rsquo;\u00eates pas satisfait de nos services, vous pouvez demander un remboursement conform\u00e9ment \u00e0 cette politique de remboursement. Politique de remboursement Exceptions au droit de remboursement Certains types de produits et services ne peuvent pas \u00eatre rembours\u00e9s. Cela [&hellip;]<\/p>\n","protected":false},"author":2,"featured_media":0,"parent":0,"menu_order":0,"comment_status":"closed","ping_status":"closed","template":"","meta":{"_acf_changed":false,"site-sidebar-layout":"default","site-content-layout":"","ast-site-content-layout":"default","site-content-style":"default","site-sidebar-style":"default","ast-global-header-display":"","ast-banner-title-visibility":"","ast-main-header-display":"","ast-hfb-above-header-display":"","ast-hfb-below-header-display":"","ast-hfb-mobile-header-display":"","site-post-title":"","ast-breadcrumbs-content":"","ast-featured-img":"","footer-sml-layout":"","ast-disable-related-posts":"","theme-transparent-header-meta":"","adv-header-id-meta":"","stick-header-meta":"","header-above-stick-meta":"","header-main-stick-meta":"","header-below-stick-meta":"","astra-migrate-meta-layouts":"default","ast-page-background-enabled":"default","ast-page-background-meta":{"desktop":{"background-color":"","background-image":"","background-repeat":"repeat","background-position":"center center","background-size":"auto","background-attachment":"scroll","background-type":"","background-media":"","overlay-type":"","overlay-color":"","overlay-opacity":"","overlay-gradient":""},"tablet":{"background-color":"","background-image":"","background-repeat":"repeat","background-position":"center center","background-size":"auto","background-attachment":"scroll","background-type":"","background-media":"","overlay-type":"","overlay-color":"","overlay-opacity":"","overlay-gradient":""},"mobile":{"background-color":"","background-image":"","background-repeat":"repeat","background-position":"center center","background-size":"auto","background-attachment":"scroll","background-type":"","background-media":"","overlay-type":"","overlay-color":"","overlay-opacity":"","overlay-gradient":""}},"ast-content-background-meta":{"desktop":{"background-color":"var(--ast-global-color-5)","background-image":"","background-repeat":"repeat","background-position":"center center","background-size":"auto","background-attachment":"scroll","background-type":"","background-media":"","overlay-type":"","overlay-color":"","overlay-opacity":"","overlay-gradient":""},"tablet":{"background-color":"var(--ast-global-color-5)","background-image":"","background-repeat":"repeat","background-position":"center center","background-size":"auto","background-attachment":"scroll","background-type":"","background-media":"","overlay-type":"","overlay-color":"","overlay-opacity":"","overlay-gradient":""},"mobile":{"background-color":"var(--ast-global-color-5)","background-image":"","background-repeat":"repeat","background-position":"center center","background-size":"auto","background-attachment":"scroll","background-type":"","background-media":"","overlay-type":"","overlay-color":"","overlay-opacity":"","overlay-gradient":""}},"footnotes":""},"class_list":["post-35","page","type-page","status-publish","hentry"],"acf":[],"_links":{"self":[{"href":"https:\/\/cv2go.no\/fr\/wp-json\/wp\/v2\/pages\/35","targetHints":{"allow":["GET"]}}],"collection":[{"href":"https:\/\/cv2go.no\/fr\/wp-json\/wp\/v2\/pages"}],"about":[{"href":"https:\/\/cv2go.no\/fr\/wp-json\/wp\/v2\/types\/page"}],"author":[{"embeddable":true,"href":"https:\/\/cv2go.no\/fr\/wp-json\/wp\/v2\/users\/2"}],"replies":[{"embeddable":true,"href":"https:\/\/cv2go.no\/fr\/wp-json\/wp\/v2\/comments?post=35"}],"version-history":[{"count":0,"href":"https:\/\/cv2go.no\/fr\/wp-json\/wp\/v2\/pages\/35\/revisions"}],"wp:attachment":[{"href":"https:\/\/cv2go.no\/fr\/wp-json\/wp\/v2\/media?parent=35"}],"curies":[{"name":"wp","href":"https:\/\/api.w.org\/{rel}","templated":true}]}}