{"id":31,"date":"2024-10-17T01:25:15","date_gmt":"2024-10-17T01:25:15","guid":{"rendered":"https:\/\/cv2go.no\/fr\/?page_id=31"},"modified":"2025-03-10T23:20:48","modified_gmt":"2025-03-10T23:20:48","slug":"avertissement","status":"publish","type":"page","link":"https:\/\/cv2go.no\/fr\/avertissement\/","title":{"rendered":"Avertissement"},"content":{"rendered":"\t\t<div data-elementor-type=\"wp-page\" data-elementor-id=\"31\" class=\"elementor elementor-31\" data-elementor-post-type=\"page\">\n\t\t\t\t<div class=\"elementor-element elementor-element-2dd5da82 e-con-full e-flex e-con e-parent\" data-id=\"2dd5da82\" data-element_type=\"container\" data-e-type=\"container\" data-settings=\"{&quot;background_background&quot;:&quot;classic&quot;}\">\n\t\t<div class=\"elementor-element elementor-element-c899c2d e-con-full e-flex e-con e-child\" data-id=\"c899c2d\" data-element_type=\"container\" data-e-type=\"container\">\n\t\t\t\t<\/div>\n\t\t\t\t<\/div>\n\t\t<div class=\"elementor-element elementor-element-64ac626c e-flex e-con-boxed e-con e-parent\" data-id=\"64ac626c\" data-element_type=\"container\" data-e-type=\"container\" data-settings=\"{&quot;background_background&quot;:&quot;classic&quot;}\">\n\t\t\t\t\t<div class=\"e-con-inner\">\n\t\t<div class=\"elementor-element elementor-element-329d0bc4 e-con-full e-flex e-con e-child\" data-id=\"329d0bc4\" data-element_type=\"container\" data-e-type=\"container\">\n\t\t\t\t<div class=\"elementor-element elementor-element-17628a27 elementor-widget elementor-widget-text-editor\" data-id=\"17628a27\" data-element_type=\"widget\" data-e-type=\"widget\" data-widget_type=\"text-editor.default\">\n\t\t\t\t\t\t\t\t\t<p><\/p>\n<p><strong>Derni\u00e8re mise \u00e0 jour:<\/strong> 17\/10\/2024<\/p>\n<p><\/p>\n<p>Bienvenue sur CV2GO. Cet avertissement r\u00e9git l&rsquo;utilisation de notre site web. En utilisant ce site, vous acceptez les termes de cet avertissement.<\/p>\n<p><\/p>\n<p><strong>Contenu de CV2GO<\/strong><\/p>\n<p><\/p>\n<p>Le contenu de CV2GO est fourni uniquement \u00e0 titre d&rsquo;information g\u00e9n\u00e9rale. Nous nous effor\u00e7ons de maintenir les informations \u00e0 jour et exactes, mais nous ne faisons aucune garantie, expresse ou implicite, quant \u00e0 l&rsquo;exhaustivit\u00e9, l&rsquo;exactitude, la fiabilit\u00e9, la pertinence ou la disponibilit\u00e9 du site ou des informations, produits, services ou graphiques associ\u00e9s contenus sur le site.<\/p>\n<p><\/p>\n<p><strong>Responsabilit\u00e9 pour les liens externes<\/strong><\/p>\n<p><\/p>\n<p>CV2GO peut contenir des liens vers des sites externes qui ne sont pas sous notre contr\u00f4le. Nous ne sommes pas responsables du contenu ou de la disponibilit\u00e9 de ces sites externes. Toute confiance plac\u00e9e dans les informations provenant de liens externes est \u00e0 vos propres risques.<\/p>\n<p><\/p>\n<p><strong>Limitation de responsabilit\u00e9<\/strong><\/p>\n<p><\/p>\n<p>CV2GO ou ses repr\u00e9sentants ne sont pas responsables des pertes ou dommages r\u00e9sultant de l&rsquo;utilisation du site, y compris, mais sans s&rsquo;y limiter, des dommages directs, indirects ou cons\u00e9cutifs.<\/p>\n<p><\/p>\n<p><strong>Modifications<\/strong><\/p>\n<p><\/p>\n<p>Nous nous r\u00e9servons le droit de modifier cet avertissement \u00e0 tout moment. Toute modification prendra effet imm\u00e9diatement apr\u00e8s sa publication sur le site.<\/p>\n<p><\/p>\n<p><strong>Contactez-nous<\/strong><\/p>\n<p><\/p>\n<p>Si vous avez des questions concernant cet avertissement, veuillez nous contacter :<\/p>\n<p><\/p>\n<ul class=\"wp-block-list\">\n<li>Email: <a>support@cv2go.no<\/a><\/li>\n\n<li>Email: <a>contact@cv2go.no<\/a><\/li>\n\n<li>T\u00e9l\u00e9phone: +947 403 35 315<\/li>\n<\/ul>\n<p><\/p>\n<p>Pour la version originale de ces conditions, veuillez vous r\u00e9f\u00e9rer \u00e0 la version anglaise sur notre site principal : <a href=\"https:\/\/cv2go.no\">https:\/\/cv2go.no<\/a>. En cas de divergences entre les versions traduites et l&rsquo;originale, la version anglaise pr\u00e9vaudra.<\/p>\n<p><\/p>\t\t\t\t\t\t\t\t<\/div>\n\t\t\t\t<\/div>\n\t\t\t\t\t<\/div>\n\t\t\t\t<\/div>\n\t\t\t\t<\/div>\n\t\t","protected":false},"excerpt":{"rendered":"<p>Derni\u00e8re mise \u00e0 jour: 17\/10\/2024 Bienvenue sur CV2GO. Cet avertissement r\u00e9git l&rsquo;utilisation de notre site web. En utilisant ce site, vous acceptez les termes de cet avertissement. Contenu de CV2GO Le contenu de CV2GO est fourni uniquement \u00e0 titre d&rsquo;information g\u00e9n\u00e9rale. Nous nous effor\u00e7ons de maintenir les informations \u00e0 jour et exactes, mais nous ne [&hellip;]<\/p>\n","protected":false},"author":2,"featured_media":0,"parent":0,"menu_order":0,"comment_status":"closed","ping_status":"closed","template":"","meta":{"_acf_changed":false,"site-sidebar-layout":"default","site-content-layout":"","ast-site-content-layout":"default","site-content-style":"default","site-sidebar-style":"default","ast-global-header-display":"","ast-banner-title-visibility":"","ast-main-header-display":"","ast-hfb-above-header-display":"","ast-hfb-below-header-display":"","ast-hfb-mobile-header-display":"","site-post-title":"","ast-breadcrumbs-content":"","ast-featured-img":"","footer-sml-layout":"","ast-disable-related-posts":"","theme-transparent-header-meta":"","adv-header-id-meta":"","stick-header-meta":"","header-above-stick-meta":"","header-main-stick-meta":"","header-below-stick-meta":"","astra-migrate-meta-layouts":"default","ast-page-background-enabled":"default","ast-page-background-meta":{"desktop":{"background-color":"","background-image":"","background-repeat":"repeat","background-position":"center center","background-size":"auto","background-attachment":"scroll","background-type":"","background-media":"","overlay-type":"","overlay-color":"","overlay-opacity":"","overlay-gradient":""},"tablet":{"background-color":"","background-image":"","background-repeat":"repeat","background-position":"center center","background-size":"auto","background-attachment":"scroll","background-type":"","background-media":"","overlay-type":"","overlay-color":"","overlay-opacity":"","overlay-gradient":""},"mobile":{"background-color":"","background-image":"","background-repeat":"repeat","background-position":"center center","background-size":"auto","background-attachment":"scroll","background-type":"","background-media":"","overlay-type":"","overlay-color":"","overlay-opacity":"","overlay-gradient":""}},"ast-content-background-meta":{"desktop":{"background-color":"var(--ast-global-color-5)","background-image":"","background-repeat":"repeat","background-position":"center center","background-size":"auto","background-attachment":"scroll","background-type":"","background-media":"","overlay-type":"","overlay-color":"","overlay-opacity":"","overlay-gradient":""},"tablet":{"background-color":"var(--ast-global-color-5)","background-image":"","background-repeat":"repeat","background-position":"center center","background-size":"auto","background-attachment":"scroll","background-type":"","background-media":"","overlay-type":"","overlay-color":"","overlay-opacity":"","overlay-gradient":""},"mobile":{"background-color":"var(--ast-global-color-5)","background-image":"","background-repeat":"repeat","background-position":"center center","background-size":"auto","background-attachment":"scroll","background-type":"","background-media":"","overlay-type":"","overlay-color":"","overlay-opacity":"","overlay-gradient":""}},"footnotes":""},"class_list":["post-31","page","type-page","status-publish","hentry"],"acf":[],"_links":{"self":[{"href":"https:\/\/cv2go.no\/fr\/wp-json\/wp\/v2\/pages\/31","targetHints":{"allow":["GET"]}}],"collection":[{"href":"https:\/\/cv2go.no\/fr\/wp-json\/wp\/v2\/pages"}],"about":[{"href":"https:\/\/cv2go.no\/fr\/wp-json\/wp\/v2\/types\/page"}],"author":[{"embeddable":true,"href":"https:\/\/cv2go.no\/fr\/wp-json\/wp\/v2\/users\/2"}],"replies":[{"embeddable":true,"href":"https:\/\/cv2go.no\/fr\/wp-json\/wp\/v2\/comments?post=31"}],"version-history":[{"count":0,"href":"https:\/\/cv2go.no\/fr\/wp-json\/wp\/v2\/pages\/31\/revisions"}],"wp:attachment":[{"href":"https:\/\/cv2go.no\/fr\/wp-json\/wp\/v2\/media?parent=31"}],"curies":[{"name":"wp","href":"https:\/\/api.w.org\/{rel}","templated":true}]}}