{"id":29,"date":"2024-10-16T23:58:17","date_gmt":"2024-10-16T23:58:17","guid":{"rendered":"https:\/\/cv2go.no\/fr\/?page_id=29"},"modified":"2025-03-10T22:46:16","modified_gmt":"2025-03-10T22:46:16","slug":"politique-relative-aux-cookies","status":"publish","type":"page","link":"https:\/\/cv2go.no\/fr\/politique-relative-aux-cookies\/","title":{"rendered":"Politique relative aux cookies"},"content":{"rendered":"\t\t<div data-elementor-type=\"wp-page\" data-elementor-id=\"29\" class=\"elementor elementor-29\" data-elementor-post-type=\"page\">\n\t\t\t\t<div class=\"elementor-element elementor-element-6194e3c4 e-con-full e-flex e-con e-parent\" data-id=\"6194e3c4\" data-element_type=\"container\" data-e-type=\"container\" data-settings=\"{&quot;background_background&quot;:&quot;classic&quot;}\">\n\t\t<div class=\"elementor-element elementor-element-7e69a2ac e-con-full e-flex e-con e-child\" data-id=\"7e69a2ac\" data-element_type=\"container\" data-e-type=\"container\">\n\t\t\t\t<\/div>\n\t\t\t\t<\/div>\n\t\t<div class=\"elementor-element elementor-element-1f7df683 e-flex e-con-boxed e-con e-parent\" data-id=\"1f7df683\" data-element_type=\"container\" data-e-type=\"container\" data-settings=\"{&quot;background_background&quot;:&quot;classic&quot;}\">\n\t\t\t\t\t<div class=\"e-con-inner\">\n\t\t<div class=\"elementor-element elementor-element-60d9778a e-con-full e-flex e-con e-child\" data-id=\"60d9778a\" data-element_type=\"container\" data-e-type=\"container\">\n\t\t\t\t<div class=\"elementor-element elementor-element-700b7118 elementor-widget elementor-widget-text-editor\" data-id=\"700b7118\" data-element_type=\"widget\" data-e-type=\"widget\" data-widget_type=\"text-editor.default\">\n\t\t\t\t\t\t\t\t\t<p><\/p>\n<p><strong>Derni\u00e8re mise \u00e0 jour:<\/strong> [10\/17\/2024]<\/p>\n<p><\/p>\n<p>Bienvenue sur CV2GO. Cette politique relative aux cookies explique comment nous utilisons les cookies et technologies similaires sur notre site web.<\/p>\n<p><\/p>\n<p><strong>Qu&rsquo;est-ce qu&rsquo;un cookie ?<\/strong><\/p>\n<p><\/p>\n<p>Les cookies sont de petits fichiers qui sont stock\u00e9s sur votre appareil (ordinateur, tablette ou t\u00e9l\u00e9phone portable) lorsque vous visitez un site web. Ils sont utilis\u00e9s pour am\u00e9liorer l&rsquo;exp\u00e9rience utilisateur, analyser le trafic du site et soutenir les activit\u00e9s marketing.<\/p>\n<p><\/p>\n<p><strong>Comment utilisons-nous les cookies ?<\/strong><\/p>\n<p><\/p>\n<p>Chez CV2GO, nous utilisons des cookies pour :<\/p>\n<p><\/p>\n<ul class=\"wp-block-list\">\n<li>Am\u00e9liorer la fonctionnalit\u00e9 du site web.<\/li>\n\n<li>Analyser l&rsquo;utilisation du site web via Google Analytics.<\/li>\n\n<li>Soutenir les activit\u00e9s publicitaires via Google AdSense et Google ADX.<\/li>\n<\/ul>\n<p><\/p>\n<p><strong>Cookies tiers<\/strong><\/p>\n<p><\/p>\n<p>Nous utilisons \u00e9galement des services tiers, tels que Google Analytics, Google AdSense, Google ADX, Stripe et PayPal, qui peuvent d\u00e9finir des cookies pour analyser les activit\u00e9s du site et effectuer d&rsquo;autres fonctions.<\/p>\n<p><\/p>\n<p><strong>Comment g\u00e9rer les cookies ?<\/strong><\/p>\n<p><\/p>\n<p>Vous pouvez g\u00e9rer ou supprimer les cookies dans les param\u00e8tres de votre navigateur. Veuillez noter que d\u00e9sactiver les cookies peut affecter la fonctionnalit\u00e9 de notre site web.<\/p>\n<p><\/p>\n<p><strong>Contactez-nous<\/strong><\/p>\n<p><\/p>\n<p>Si vous avez des questions concernant notre politique relative aux cookies, vous pouvez nous contacter :<\/p>\n<p><\/p>\n<ul class=\"wp-block-list\">\n<li>Email: support@cv2go.no<\/li>\n\n<li>Email: contact@cv2go.no<\/li>\n\n<li>T\u00e9l\u00e9phone: +947 403 35 315<\/li>\n<\/ul>\n<p><\/p>\n<p>Pour la version originale de ces conditions, veuillez vous r\u00e9f\u00e9rer \u00e0 la version anglaise sur notre site principal : <a href=\"https:\/\/cv2go.no\">https:\/\/cv2go.no<\/a>. En cas de divergences entre les versions traduites et l&rsquo;originale, la version anglaise pr\u00e9vaudra.<\/p>\n<p><\/p>\t\t\t\t\t\t\t\t<\/div>\n\t\t\t\t<\/div>\n\t\t\t\t\t<\/div>\n\t\t\t\t<\/div>\n\t\t\t\t<\/div>\n\t\t","protected":false},"excerpt":{"rendered":"<p>Derni\u00e8re mise \u00e0 jour: [10\/17\/2024] Bienvenue sur CV2GO. Cette politique relative aux cookies explique comment nous utilisons les cookies et technologies similaires sur notre site web. Qu&rsquo;est-ce qu&rsquo;un cookie ? Les cookies sont de petits fichiers qui sont stock\u00e9s sur votre appareil (ordinateur, tablette ou t\u00e9l\u00e9phone portable) lorsque vous visitez un site web. Ils sont [&hellip;]<\/p>\n","protected":false},"author":2,"featured_media":0,"parent":0,"menu_order":0,"comment_status":"closed","ping_status":"closed","template":"","meta":{"_acf_changed":false,"site-sidebar-layout":"default","site-content-layout":"","ast-site-content-layout":"default","site-content-style":"default","site-sidebar-style":"default","ast-global-header-display":"","ast-banner-title-visibility":"","ast-main-header-display":"","ast-hfb-above-header-display":"","ast-hfb-below-header-display":"","ast-hfb-mobile-header-display":"","site-post-title":"","ast-breadcrumbs-content":"","ast-featured-img":"","footer-sml-layout":"","ast-disable-related-posts":"","theme-transparent-header-meta":"","adv-header-id-meta":"","stick-header-meta":"","header-above-stick-meta":"","header-main-stick-meta":"","header-below-stick-meta":"","astra-migrate-meta-layouts":"default","ast-page-background-enabled":"default","ast-page-background-meta":{"desktop":{"background-color":"","background-image":"","background-repeat":"repeat","background-position":"center center","background-size":"auto","background-attachment":"scroll","background-type":"","background-media":"","overlay-type":"","overlay-color":"","overlay-opacity":"","overlay-gradient":""},"tablet":{"background-color":"","background-image":"","background-repeat":"repeat","background-position":"center center","background-size":"auto","background-attachment":"scroll","background-type":"","background-media":"","overlay-type":"","overlay-color":"","overlay-opacity":"","overlay-gradient":""},"mobile":{"background-color":"","background-image":"","background-repeat":"repeat","background-position":"center center","background-size":"auto","background-attachment":"scroll","background-type":"","background-media":"","overlay-type":"","overlay-color":"","overlay-opacity":"","overlay-gradient":""}},"ast-content-background-meta":{"desktop":{"background-color":"var(--ast-global-color-5)","background-image":"","background-repeat":"repeat","background-position":"center center","background-size":"auto","background-attachment":"scroll","background-type":"","background-media":"","overlay-type":"","overlay-color":"","overlay-opacity":"","overlay-gradient":""},"tablet":{"background-color":"var(--ast-global-color-5)","background-image":"","background-repeat":"repeat","background-position":"center center","background-size":"auto","background-attachment":"scroll","background-type":"","background-media":"","overlay-type":"","overlay-color":"","overlay-opacity":"","overlay-gradient":""},"mobile":{"background-color":"var(--ast-global-color-5)","background-image":"","background-repeat":"repeat","background-position":"center center","background-size":"auto","background-attachment":"scroll","background-type":"","background-media":"","overlay-type":"","overlay-color":"","overlay-opacity":"","overlay-gradient":""}},"footnotes":""},"class_list":["post-29","page","type-page","status-publish","hentry"],"acf":[],"_links":{"self":[{"href":"https:\/\/cv2go.no\/fr\/wp-json\/wp\/v2\/pages\/29","targetHints":{"allow":["GET"]}}],"collection":[{"href":"https:\/\/cv2go.no\/fr\/wp-json\/wp\/v2\/pages"}],"about":[{"href":"https:\/\/cv2go.no\/fr\/wp-json\/wp\/v2\/types\/page"}],"author":[{"embeddable":true,"href":"https:\/\/cv2go.no\/fr\/wp-json\/wp\/v2\/users\/2"}],"replies":[{"embeddable":true,"href":"https:\/\/cv2go.no\/fr\/wp-json\/wp\/v2\/comments?post=29"}],"version-history":[{"count":0,"href":"https:\/\/cv2go.no\/fr\/wp-json\/wp\/v2\/pages\/29\/revisions"}],"wp:attachment":[{"href":"https:\/\/cv2go.no\/fr\/wp-json\/wp\/v2\/media?parent=29"}],"curies":[{"name":"wp","href":"https:\/\/api.w.org\/{rel}","templated":true}]}}