{"id":32,"date":"2024-10-17T01:56:54","date_gmt":"2024-10-17T01:56:54","guid":{"rendered":"https:\/\/cv2go.no\/es\/?page_id=32"},"modified":"2025-03-13T21:47:30","modified_gmt":"2025-03-13T21:47:30","slug":"terminos-y-condiciones","status":"publish","type":"page","link":"https:\/\/cv2go.no\/es\/terminos-y-condiciones\/","title":{"rendered":"T\u00e9rminos y condiciones"},"content":{"rendered":"\t\t<div data-elementor-type=\"wp-page\" data-elementor-id=\"32\" class=\"elementor elementor-32\" data-elementor-post-type=\"page\">\n\t\t\t\t<div class=\"elementor-element elementor-element-48f1d56c e-con-full e-flex e-con e-parent\" data-id=\"48f1d56c\" data-element_type=\"container\" data-e-type=\"container\" data-settings=\"{&quot;background_background&quot;:&quot;classic&quot;}\">\n\t\t<div class=\"elementor-element elementor-element-75b8d26a e-con-full e-flex e-con e-child\" data-id=\"75b8d26a\" data-element_type=\"container\" data-e-type=\"container\">\n\t\t\t\t<\/div>\n\t\t\t\t<\/div>\n\t\t<div class=\"elementor-element elementor-element-32899884 e-flex e-con-boxed e-con e-parent\" data-id=\"32899884\" data-element_type=\"container\" data-e-type=\"container\" data-settings=\"{&quot;background_background&quot;:&quot;classic&quot;}\">\n\t\t\t\t\t<div class=\"e-con-inner\">\n\t\t<div class=\"elementor-element elementor-element-14c9e9e9 e-con-full e-flex e-con e-child\" data-id=\"14c9e9e9\" data-element_type=\"container\" data-e-type=\"container\">\n\t\t\t\t<div class=\"elementor-element elementor-element-699a37e4 elementor-widget elementor-widget-text-editor\" data-id=\"699a37e4\" data-element_type=\"widget\" data-e-type=\"widget\" data-widget_type=\"text-editor.default\">\n\t\t\t\t\t\t\t\t\t<p><\/p>\n<p><strong>\u00daltima actualizaci\u00f3n:<\/strong> 17\/10\/2024<\/p>\n<p><\/p>\n<p>Bienvenido a CV2GO. Al utilizar nuestro sitio y nuestros servicios, usted acepta estos t\u00e9rminos. Lea atentamente nuestros t\u00e9rminos antes de utilizar nuestros servicios.<\/p>\n<p><\/p>\n<p><strong>1. Servicios<\/strong><\/p>\n<p><\/p>\n<p>CV2GO ofrece herramientas y plantillas para crear curr\u00edculums. Todos los servicios proporcionados por CV2GO est\u00e1n destinados al uso personal.<\/p>\n<p><\/p>\n<p><strong>2. Cuentas de usuario<\/strong><\/p>\n<p><\/p>\n<p>Para acceder a nuestros servicios, puede ser necesario crear una cuenta de usuario. Usted es responsable de mantener la seguridad y confidencialidad de la informaci\u00f3n de su cuenta.<\/p>\n<p><\/p>\n<p><strong>3. Pagos<\/strong><\/p>\n<p><\/p>\n<p>Los pagos por servicios se procesan a trav\u00e9s de servicios de terceros como Stripe y PayPal. Una vez que se complete el pago, el servicio podr\u00e1 utilizarse de acuerdo con los t\u00e9rminos de compra.<\/p>\n<p><\/p>\n<p><strong>4. Descargo de responsabilidad<\/strong><\/p>\n<p><\/p>\n<p>CV2GO no se hace responsable de errores, omisiones o mal uso de la informaci\u00f3n proporcionada a trav\u00e9s de nuestros servicios. Los servicios se proporcionan \u00abtal cual\u00bb, sin garant\u00edas de ning\u00fan tipo.<\/p>\n<p><\/p>\n<p><strong>5. Terminaci\u00f3n de la cuenta<\/strong><\/p>\n<p><\/p>\n<p>Nos reservamos el derecho de suspender o cancelar su cuenta si infringe los t\u00e9rminos o utiliza los servicios de manera no autorizada.<\/p>\n<p><\/p>\n<p><strong>6. Modificaciones de los t\u00e9rminos<\/strong><\/p>\n<p><\/p>\n<p>CV2GO puede actualizar los t\u00e9rminos en cualquier momento. Cualquier cambio entrar\u00e1 en vigor inmediatamente despu\u00e9s de su publicaci\u00f3n.<\/p>\n<p><\/p>\n<p><strong>7. Ley aplicable<\/strong><\/p>\n<p><\/p>\n<p>Estos t\u00e9rminos se rigen por las leyes noruegas y cualquier disputa se resolver\u00e1 ante los tribunales de Oslo, Noruega.<\/p>\n<p><\/p>\n<p><strong>Cont\u00e1ctenos<\/strong><\/p>\n<p><\/p>\n<p>Si tiene alguna pregunta sobre estos t\u00e9rminos, puede contactarnos:<\/p>\n<p><\/p>\n<ul class=\"wp-block-list\">\n<li>Email: <a>support@cv2go.no<\/a><\/li>\n\n<li>Email: <a>contact@cv2go.no<\/a><\/li>\n\n<li>Tel\u00e9fono: +947 403 35 315<\/li>\n<\/ul>\n<p><\/p>\n<p>Para la versi\u00f3n original de estos t\u00e9rminos y condiciones, consulte la versi\u00f3n en ingl\u00e9s en nuestro sitio web principal: <a href=\"https:\/\/cv2go.no\">https:\/\/cv2go.no<\/a>. En caso de discrepancias entre las versiones traducidas y la original, prevalecer\u00e1 la versi\u00f3n en ingl\u00e9s.<\/p>\n<p><\/p>\t\t\t\t\t\t\t\t<\/div>\n\t\t\t\t<\/div>\n\t\t\t\t\t<\/div>\n\t\t\t\t<\/div>\n\t\t\t\t<\/div>\n\t\t","protected":false},"excerpt":{"rendered":"<p>\u00daltima actualizaci\u00f3n: 17\/10\/2024 Bienvenido a CV2GO. Al utilizar nuestro sitio y nuestros servicios, usted acepta estos t\u00e9rminos. Lea atentamente nuestros t\u00e9rminos antes de utilizar nuestros servicios. 1. Servicios CV2GO ofrece herramientas y plantillas para crear curr\u00edculums. Todos los servicios proporcionados por CV2GO est\u00e1n destinados al uso personal. 2. Cuentas de usuario Para acceder a nuestros [&hellip;]<\/p>\n","protected":false},"author":2,"featured_media":0,"parent":0,"menu_order":0,"comment_status":"closed","ping_status":"closed","template":"elementor_header_footer","meta":{"_acf_changed":false,"site-sidebar-layout":"default","site-content-layout":"","ast-site-content-layout":"default","site-content-style":"default","site-sidebar-style":"default","ast-global-header-display":"","ast-banner-title-visibility":"","ast-main-header-display":"","ast-hfb-above-header-display":"","ast-hfb-below-header-display":"","ast-hfb-mobile-header-display":"","site-post-title":"","ast-breadcrumbs-content":"","ast-featured-img":"","footer-sml-layout":"","ast-disable-related-posts":"","theme-transparent-header-meta":"","adv-header-id-meta":"","stick-header-meta":"","header-above-stick-meta":"","header-main-stick-meta":"","header-below-stick-meta":"","astra-migrate-meta-layouts":"default","ast-page-background-enabled":"default","ast-page-background-meta":{"desktop":{"background-color":"","background-image":"","background-repeat":"repeat","background-position":"center center","background-size":"auto","background-attachment":"scroll","background-type":"","background-media":"","overlay-type":"","overlay-color":"","overlay-opacity":"","overlay-gradient":""},"tablet":{"background-color":"","background-image":"","background-repeat":"repeat","background-position":"center center","background-size":"auto","background-attachment":"scroll","background-type":"","background-media":"","overlay-type":"","overlay-color":"","overlay-opacity":"","overlay-gradient":""},"mobile":{"background-color":"","background-image":"","background-repeat":"repeat","background-position":"center center","background-size":"auto","background-attachment":"scroll","background-type":"","background-media":"","overlay-type":"","overlay-color":"","overlay-opacity":"","overlay-gradient":""}},"ast-content-background-meta":{"desktop":{"background-color":"var(--ast-global-color-5)","background-image":"","background-repeat":"repeat","background-position":"center center","background-size":"auto","background-attachment":"scroll","background-type":"","background-media":"","overlay-type":"","overlay-color":"","overlay-opacity":"","overlay-gradient":""},"tablet":{"background-color":"var(--ast-global-color-5)","background-image":"","background-repeat":"repeat","background-position":"center center","background-size":"auto","background-attachment":"scroll","background-type":"","background-media":"","overlay-type":"","overlay-color":"","overlay-opacity":"","overlay-gradient":""},"mobile":{"background-color":"var(--ast-global-color-5)","background-image":"","background-repeat":"repeat","background-position":"center center","background-size":"auto","background-attachment":"scroll","background-type":"","background-media":"","overlay-type":"","overlay-color":"","overlay-opacity":"","overlay-gradient":""}},"footnotes":""},"class_list":["post-32","page","type-page","status-publish","hentry"],"acf":[],"_links":{"self":[{"href":"https:\/\/cv2go.no\/es\/wp-json\/wp\/v2\/pages\/32","targetHints":{"allow":["GET"]}}],"collection":[{"href":"https:\/\/cv2go.no\/es\/wp-json\/wp\/v2\/pages"}],"about":[{"href":"https:\/\/cv2go.no\/es\/wp-json\/wp\/v2\/types\/page"}],"author":[{"embeddable":true,"href":"https:\/\/cv2go.no\/es\/wp-json\/wp\/v2\/users\/2"}],"replies":[{"embeddable":true,"href":"https:\/\/cv2go.no\/es\/wp-json\/wp\/v2\/comments?post=32"}],"version-history":[{"count":0,"href":"https:\/\/cv2go.no\/es\/wp-json\/wp\/v2\/pages\/32\/revisions"}],"wp:attachment":[{"href":"https:\/\/cv2go.no\/es\/wp-json\/wp\/v2\/media?parent=32"}],"curies":[{"name":"wp","href":"https:\/\/api.w.org\/{rel}","templated":true}]}}