{"id":30,"date":"2024-10-17T01:40:20","date_gmt":"2024-10-17T01:40:20","guid":{"rendered":"https:\/\/cv2go.no\/es\/?page_id=30"},"modified":"2025-03-13T21:47:46","modified_gmt":"2025-03-13T21:47:46","slug":"politica-de-reembolso","status":"publish","type":"page","link":"https:\/\/cv2go.no\/es\/politica-de-reembolso\/","title":{"rendered":"Pol\u00edtica de reembolso"},"content":{"rendered":"\t\t<div data-elementor-type=\"wp-page\" data-elementor-id=\"30\" class=\"elementor elementor-30\" data-elementor-post-type=\"page\">\n\t\t\t\t<div class=\"elementor-element elementor-element-3f0fddeb e-con-full e-flex e-con e-parent\" data-id=\"3f0fddeb\" data-element_type=\"container\" data-e-type=\"container\" data-settings=\"{&quot;background_background&quot;:&quot;classic&quot;}\">\n\t\t<div class=\"elementor-element elementor-element-70292d5c e-con-full e-flex e-con e-child\" data-id=\"70292d5c\" data-element_type=\"container\" data-e-type=\"container\">\n\t\t\t\t<\/div>\n\t\t\t\t<\/div>\n\t\t<div class=\"elementor-element elementor-element-1c3a151f e-flex e-con-boxed e-con e-parent\" data-id=\"1c3a151f\" data-element_type=\"container\" data-e-type=\"container\" data-settings=\"{&quot;background_background&quot;:&quot;classic&quot;}\">\n\t\t\t\t\t<div class=\"e-con-inner\">\n\t\t<div class=\"elementor-element elementor-element-27fcbb2d e-con-full e-flex e-con e-child\" data-id=\"27fcbb2d\" data-element_type=\"container\" data-e-type=\"container\">\n\t\t\t\t<div class=\"elementor-element elementor-element-55a17d84 elementor-widget elementor-widget-text-editor\" data-id=\"55a17d84\" data-element_type=\"widget\" data-e-type=\"widget\" data-widget_type=\"text-editor.default\">\n\t\t\t\t\t\t\t\t\t<p><\/p>\n<p><strong>\u00daltima actualizaci\u00f3n:<\/strong> 17\/10\/2024<\/p>\n<p><\/p>\n<p>En CV2GO, queremos que est\u00e9 satisfecho con su compra. Si no est\u00e1 satisfecho con nuestros servicios, puede solicitar un reembolso de acuerdo con esta pol\u00edtica de reembolso.<\/p>\n<p><\/p>\n<p><strong>Pol\u00edtica de reembolso<\/strong><\/p>\n<p><\/p>\n<ul class=\"wp-block-list\">\n<li>Puede solicitar un reembolso dentro de una semana a partir de la fecha de compra.<\/li>\n\n<li>Para iniciar un proceso de reembolso, comun\u00edquese con nosotros por correo electr\u00f3nico a <a>support@cv2go.no<\/a> o <a>contact@cv2go.no<\/a>.<\/li>\n\n<li>Los reembolsos se realizar\u00e1n mediante el mismo m\u00e9todo de pago utilizado en la compra.<\/li>\n\n<li>Los reembolsos se procesar\u00e1n dentro de los 5 a 10 d\u00edas h\u00e1biles posteriores a la aprobaci\u00f3n.<\/li>\n<\/ul>\n<p><\/p>\n<p><strong>Excepciones al derecho de reembolso<\/strong><\/p>\n<p><\/p>\n<p>Algunos tipos de productos y servicios no son reembolsables. Esto incluye, entre otros:<\/p>\n<p><\/p>\n<ul class=\"wp-block-list\">\n<li>Servicios que se hayan proporcionado por completo en el momento de la solicitud de reembolso.<\/li>\n\n<li>Plantillas de CV personalizadas creadas bajo pedido.<\/li>\n<\/ul>\n<p><\/p>\n<p><strong>Cambios en la pol\u00edtica de reembolso<\/strong><\/p>\n<p><\/p>\n<p>Nos reservamos el derecho de actualizar o modificar esta pol\u00edtica de reembolso en cualquier momento. Los cambios se publicar\u00e1n en esta p\u00e1gina y se ajustar\u00e1 la fecha de la \u00faltima actualizaci\u00f3n.<\/p>\n<p><\/p>\n<p><strong>Cont\u00e1ctenos<\/strong><\/p>\n<p><\/p>\n<p>Si tiene alguna pregunta sobre nuestra pol\u00edtica de reembolso, puede contactarnos:<\/p>\n<p><\/p>\n<ul class=\"wp-block-list\">\n<li>Email: <a>support@cv2go.no<\/a><\/li>\n\n<li>Email: <a>contact@cv2go.no<\/a><\/li>\n\n<li>Tel\u00e9fono: +947 403 35 315<\/li>\n<\/ul>\n<p><\/p>\n<p>Para la versi\u00f3n original de estos t\u00e9rminos y condiciones, consulte la versi\u00f3n en ingl\u00e9s en nuestro sitio web principal: <a href=\"https:\/\/cv2go.no\">https:\/\/cv2go.no<\/a>. En caso de discrepancias entre las versiones traducidas y la original, prevalecer\u00e1 la versi\u00f3n en ingl\u00e9s.<\/p>\n<p><\/p>\t\t\t\t\t\t\t\t<\/div>\n\t\t\t\t<\/div>\n\t\t\t\t\t<\/div>\n\t\t\t\t<\/div>\n\t\t\t\t<\/div>\n\t\t","protected":false},"excerpt":{"rendered":"<p>\u00daltima actualizaci\u00f3n: 17\/10\/2024 En CV2GO, queremos que est\u00e9 satisfecho con su compra. Si no est\u00e1 satisfecho con nuestros servicios, puede solicitar un reembolso de acuerdo con esta pol\u00edtica de reembolso. Pol\u00edtica de reembolso Excepciones al derecho de reembolso Algunos tipos de productos y servicios no son reembolsables. Esto incluye, entre otros: Cambios en la pol\u00edtica [&hellip;]<\/p>\n","protected":false},"author":2,"featured_media":0,"parent":0,"menu_order":0,"comment_status":"closed","ping_status":"closed","template":"elementor_header_footer","meta":{"_acf_changed":false,"site-sidebar-layout":"default","site-content-layout":"","ast-site-content-layout":"default","site-content-style":"default","site-sidebar-style":"default","ast-global-header-display":"","ast-banner-title-visibility":"","ast-main-header-display":"","ast-hfb-above-header-display":"","ast-hfb-below-header-display":"","ast-hfb-mobile-header-display":"","site-post-title":"","ast-breadcrumbs-content":"","ast-featured-img":"","footer-sml-layout":"","ast-disable-related-posts":"","theme-transparent-header-meta":"","adv-header-id-meta":"","stick-header-meta":"","header-above-stick-meta":"","header-main-stick-meta":"","header-below-stick-meta":"","astra-migrate-meta-layouts":"default","ast-page-background-enabled":"default","ast-page-background-meta":{"desktop":{"background-color":"","background-image":"","background-repeat":"repeat","background-position":"center center","background-size":"auto","background-attachment":"scroll","background-type":"","background-media":"","overlay-type":"","overlay-color":"","overlay-opacity":"","overlay-gradient":""},"tablet":{"background-color":"","background-image":"","background-repeat":"repeat","background-position":"center center","background-size":"auto","background-attachment":"scroll","background-type":"","background-media":"","overlay-type":"","overlay-color":"","overlay-opacity":"","overlay-gradient":""},"mobile":{"background-color":"","background-image":"","background-repeat":"repeat","background-position":"center center","background-size":"auto","background-attachment":"scroll","background-type":"","background-media":"","overlay-type":"","overlay-color":"","overlay-opacity":"","overlay-gradient":""}},"ast-content-background-meta":{"desktop":{"background-color":"var(--ast-global-color-5)","background-image":"","background-repeat":"repeat","background-position":"center center","background-size":"auto","background-attachment":"scroll","background-type":"","background-media":"","overlay-type":"","overlay-color":"","overlay-opacity":"","overlay-gradient":""},"tablet":{"background-color":"var(--ast-global-color-5)","background-image":"","background-repeat":"repeat","background-position":"center center","background-size":"auto","background-attachment":"scroll","background-type":"","background-media":"","overlay-type":"","overlay-color":"","overlay-opacity":"","overlay-gradient":""},"mobile":{"background-color":"var(--ast-global-color-5)","background-image":"","background-repeat":"repeat","background-position":"center center","background-size":"auto","background-attachment":"scroll","background-type":"","background-media":"","overlay-type":"","overlay-color":"","overlay-opacity":"","overlay-gradient":""}},"footnotes":""},"class_list":["post-30","page","type-page","status-publish","hentry"],"acf":[],"_links":{"self":[{"href":"https:\/\/cv2go.no\/es\/wp-json\/wp\/v2\/pages\/30","targetHints":{"allow":["GET"]}}],"collection":[{"href":"https:\/\/cv2go.no\/es\/wp-json\/wp\/v2\/pages"}],"about":[{"href":"https:\/\/cv2go.no\/es\/wp-json\/wp\/v2\/types\/page"}],"author":[{"embeddable":true,"href":"https:\/\/cv2go.no\/es\/wp-json\/wp\/v2\/users\/2"}],"replies":[{"embeddable":true,"href":"https:\/\/cv2go.no\/es\/wp-json\/wp\/v2\/comments?post=30"}],"version-history":[{"count":0,"href":"https:\/\/cv2go.no\/es\/wp-json\/wp\/v2\/pages\/30\/revisions"}],"wp:attachment":[{"href":"https:\/\/cv2go.no\/es\/wp-json\/wp\/v2\/media?parent=30"}],"curies":[{"name":"wp","href":"https:\/\/api.w.org\/{rel}","templated":true}]}}