{"id":26,"date":"2024-10-17T01:25:19","date_gmt":"2024-10-17T01:25:19","guid":{"rendered":"https:\/\/cv2go.no\/es\/?page_id=26"},"modified":"2025-03-13T21:48:31","modified_gmt":"2025-03-13T21:48:31","slug":"descargo-de-responsabilidad","status":"publish","type":"page","link":"https:\/\/cv2go.no\/es\/descargo-de-responsabilidad\/","title":{"rendered":"Descargo de responsabilidad"},"content":{"rendered":"\t\t<div data-elementor-type=\"wp-page\" data-elementor-id=\"26\" class=\"elementor elementor-26\" data-elementor-post-type=\"page\">\n\t\t\t\t<div class=\"elementor-element elementor-element-61d11f8a e-con-full e-flex e-con e-parent\" data-id=\"61d11f8a\" data-element_type=\"container\" data-e-type=\"container\" data-settings=\"{&quot;background_background&quot;:&quot;classic&quot;}\">\n\t\t<div class=\"elementor-element elementor-element-6c82ddd9 e-con-full e-flex e-con e-child\" data-id=\"6c82ddd9\" data-element_type=\"container\" data-e-type=\"container\">\n\t\t\t\t<\/div>\n\t\t\t\t<\/div>\n\t\t<div class=\"elementor-element elementor-element-4b17624b e-flex e-con-boxed e-con e-parent\" data-id=\"4b17624b\" data-element_type=\"container\" data-e-type=\"container\" data-settings=\"{&quot;background_background&quot;:&quot;classic&quot;}\">\n\t\t\t\t\t<div class=\"e-con-inner\">\n\t\t<div class=\"elementor-element elementor-element-3446b444 e-con-full e-flex e-con e-child\" data-id=\"3446b444\" data-element_type=\"container\" data-e-type=\"container\">\n\t\t\t\t<div class=\"elementor-element elementor-element-2f073f71 elementor-widget elementor-widget-text-editor\" data-id=\"2f073f71\" data-element_type=\"widget\" data-e-type=\"widget\" data-widget_type=\"text-editor.default\">\n\t\t\t\t\t\t\t\t\t<p><\/p>\n<p><strong>\u00daltima actualizaci\u00f3n:<\/strong> 17\/10\/2024<\/p>\n<p><\/p>\n<p>Bienvenido a CV2GO. Este descargo de responsabilidad regula el uso de nuestro sitio web. Al utilizar este sitio, aceptas los t\u00e9rminos de este descargo de responsabilidad.<\/p>\n<p><\/p>\n<p><strong>Contenido de CV2GO<\/strong><\/p>\n<p><\/p>\n<p>El contenido de CV2GO se proporciona \u00fanicamente con fines informativos generales. Nos esforzamos por mantener la informaci\u00f3n actualizada y precisa, pero no ofrecemos garant\u00edas, expresas o impl\u00edcitas, sobre la integridad, exactitud, fiabilidad, idoneidad o disponibilidad del sitio o de la informaci\u00f3n, productos, servicios o gr\u00e1ficos relacionados contenidos en el sitio.<\/p>\n<p><\/p>\n<p><strong>Responsabilidad por enlaces externos<\/strong><\/p>\n<p><\/p>\n<p>CV2GO puede contener enlaces a sitios externos que no est\u00e1n bajo nuestro control. No somos responsables del contenido o disponibilidad de estos sitios externos. Cualquier confianza en la informaci\u00f3n de enlaces externos es bajo su propio riesgo.<\/p>\n<p><\/p>\n<p><strong>Limitaci\u00f3n de responsabilidad<\/strong><\/p>\n<p><\/p>\n<p>CV2GO o sus representantes no son responsables de ninguna p\u00e9rdida o da\u00f1o que resulte del uso del sitio, incluidos, entre otros, da\u00f1os directos, indirectos o consecuentes.<\/p>\n<p><\/p>\n<p><strong>Modificaciones<\/strong><\/p>\n<p><\/p>\n<p>Nos reservamos el derecho de modificar este descargo de responsabilidad en cualquier momento. Cualquier cambio ser\u00e1 efectivo inmediatamente despu\u00e9s de su publicaci\u00f3n en el sitio.<\/p>\n<p><\/p>\n<p><strong>Cont\u00e1ctenos<\/strong><\/p>\n<p><\/p>\n<p>Si tiene alguna pregunta sobre este descargo de responsabilidad, puede contactarnos:<\/p>\n<p><\/p>\n<ul class=\"wp-block-list\">\n<li>Email: <a>support@cv2go.no<\/a><\/li>\n\n<li>Email: <a>contact@cv2go.no<\/a><\/li>\n\n<li>Tel\u00e9fono: +947 403 35 315<\/li>\n<\/ul>\n<p><\/p>\n<p>Para la versi\u00f3n original de estos t\u00e9rminos y condiciones, consulte la versi\u00f3n en ingl\u00e9s en nuestro sitio web principal: <a href=\"https:\/\/cv2go.no\">https:\/\/cv2go.no<\/a>. En caso de discrepancias entre las versiones traducidas y la original, prevalecer\u00e1 la versi\u00f3n en ingl\u00e9s.<\/p>\n<p><\/p>\t\t\t\t\t\t\t\t<\/div>\n\t\t\t\t<\/div>\n\t\t\t\t\t<\/div>\n\t\t\t\t<\/div>\n\t\t\t\t<\/div>\n\t\t","protected":false},"excerpt":{"rendered":"<p>\u00daltima actualizaci\u00f3n: 17\/10\/2024 Bienvenido a CV2GO. Este descargo de responsabilidad regula el uso de nuestro sitio web. Al utilizar este sitio, aceptas los t\u00e9rminos de este descargo de responsabilidad. Contenido de CV2GO El contenido de CV2GO se proporciona \u00fanicamente con fines informativos generales. Nos esforzamos por mantener la informaci\u00f3n actualizada y precisa, pero no ofrecemos [&hellip;]<\/p>\n","protected":false},"author":2,"featured_media":0,"parent":0,"menu_order":0,"comment_status":"closed","ping_status":"closed","template":"elementor_header_footer","meta":{"_acf_changed":false,"site-sidebar-layout":"default","site-content-layout":"","ast-site-content-layout":"default","site-content-style":"default","site-sidebar-style":"default","ast-global-header-display":"","ast-banner-title-visibility":"","ast-main-header-display":"","ast-hfb-above-header-display":"","ast-hfb-below-header-display":"","ast-hfb-mobile-header-display":"","site-post-title":"","ast-breadcrumbs-content":"","ast-featured-img":"","footer-sml-layout":"","ast-disable-related-posts":"","theme-transparent-header-meta":"","adv-header-id-meta":"","stick-header-meta":"","header-above-stick-meta":"","header-main-stick-meta":"","header-below-stick-meta":"","astra-migrate-meta-layouts":"default","ast-page-background-enabled":"default","ast-page-background-meta":{"desktop":{"background-color":"","background-image":"","background-repeat":"repeat","background-position":"center center","background-size":"auto","background-attachment":"scroll","background-type":"","background-media":"","overlay-type":"","overlay-color":"","overlay-opacity":"","overlay-gradient":""},"tablet":{"background-color":"","background-image":"","background-repeat":"repeat","background-position":"center center","background-size":"auto","background-attachment":"scroll","background-type":"","background-media":"","overlay-type":"","overlay-color":"","overlay-opacity":"","overlay-gradient":""},"mobile":{"background-color":"","background-image":"","background-repeat":"repeat","background-position":"center center","background-size":"auto","background-attachment":"scroll","background-type":"","background-media":"","overlay-type":"","overlay-color":"","overlay-opacity":"","overlay-gradient":""}},"ast-content-background-meta":{"desktop":{"background-color":"var(--ast-global-color-5)","background-image":"","background-repeat":"repeat","background-position":"center center","background-size":"auto","background-attachment":"scroll","background-type":"","background-media":"","overlay-type":"","overlay-color":"","overlay-opacity":"","overlay-gradient":""},"tablet":{"background-color":"var(--ast-global-color-5)","background-image":"","background-repeat":"repeat","background-position":"center center","background-size":"auto","background-attachment":"scroll","background-type":"","background-media":"","overlay-type":"","overlay-color":"","overlay-opacity":"","overlay-gradient":""},"mobile":{"background-color":"var(--ast-global-color-5)","background-image":"","background-repeat":"repeat","background-position":"center center","background-size":"auto","background-attachment":"scroll","background-type":"","background-media":"","overlay-type":"","overlay-color":"","overlay-opacity":"","overlay-gradient":""}},"footnotes":""},"class_list":["post-26","page","type-page","status-publish","hentry"],"acf":[],"_links":{"self":[{"href":"https:\/\/cv2go.no\/es\/wp-json\/wp\/v2\/pages\/26","targetHints":{"allow":["GET"]}}],"collection":[{"href":"https:\/\/cv2go.no\/es\/wp-json\/wp\/v2\/pages"}],"about":[{"href":"https:\/\/cv2go.no\/es\/wp-json\/wp\/v2\/types\/page"}],"author":[{"embeddable":true,"href":"https:\/\/cv2go.no\/es\/wp-json\/wp\/v2\/users\/2"}],"replies":[{"embeddable":true,"href":"https:\/\/cv2go.no\/es\/wp-json\/wp\/v2\/comments?post=26"}],"version-history":[{"count":0,"href":"https:\/\/cv2go.no\/es\/wp-json\/wp\/v2\/pages\/26\/revisions"}],"wp:attachment":[{"href":"https:\/\/cv2go.no\/es\/wp-json\/wp\/v2\/media?parent=26"}],"curies":[{"name":"wp","href":"https:\/\/api.w.org\/{rel}","templated":true}]}}