{"id":30,"date":"2024-10-17T01:25:13","date_gmt":"2024-10-17T01:25:13","guid":{"rendered":"https:\/\/cv2go.no\/de\/?page_id=30"},"modified":"2025-03-11T21:35:53","modified_gmt":"2025-03-11T21:35:53","slug":"haftungsausschluss","status":"publish","type":"page","link":"https:\/\/cv2go.no\/de\/haftungsausschluss\/","title":{"rendered":"Haftungsausschluss"},"content":{"rendered":"\t\t<div data-elementor-type=\"wp-page\" data-elementor-id=\"30\" class=\"elementor elementor-30\" data-elementor-post-type=\"page\">\n\t\t\t\t<div class=\"elementor-element elementor-element-27c3f572 e-con-full e-flex e-con e-parent\" data-id=\"27c3f572\" data-element_type=\"container\" data-e-type=\"container\" data-settings=\"{&quot;background_background&quot;:&quot;classic&quot;}\">\n\t\t<div class=\"elementor-element elementor-element-e4a90dc e-con-full e-flex e-con e-child\" data-id=\"e4a90dc\" data-element_type=\"container\" data-e-type=\"container\">\n\t\t\t\t<\/div>\n\t\t\t\t<\/div>\n\t\t<div class=\"elementor-element elementor-element-3baffbc5 e-flex e-con-boxed e-con e-parent\" data-id=\"3baffbc5\" data-element_type=\"container\" data-e-type=\"container\" data-settings=\"{&quot;background_background&quot;:&quot;classic&quot;}\">\n\t\t\t\t\t<div class=\"e-con-inner\">\n\t\t<div class=\"elementor-element elementor-element-6a269e32 e-con-full e-flex e-con e-child\" data-id=\"6a269e32\" data-element_type=\"container\" data-e-type=\"container\">\n\t\t\t\t<div class=\"elementor-element elementor-element-68691268 elementor-widget elementor-widget-text-editor\" data-id=\"68691268\" data-element_type=\"widget\" data-e-type=\"widget\" data-widget_type=\"text-editor.default\">\n\t\t\t\t\t\t\t\t\t<p><\/p>\n<p><strong>Zuletzt aktualisiert:<\/strong> 17.10.2024<\/p>\n<p><\/p>\n<p>Willkommen bei CV2GO. Dieser Haftungsausschluss regelt die Nutzung unserer Website. Durch die Nutzung dieser Website akzeptieren Sie die Bedingungen dieses Haftungsausschlusses.<\/p>\n<p><\/p>\n<p><strong>Inhalt von CV2GO<\/strong><\/p>\n<p><\/p>\n<p>Der Inhalt von CV2GO dient ausschlie\u00dflich allgemeinen Informationszwecken. Wir bem\u00fchen uns, die Informationen aktuell und korrekt zu halten, \u00fcbernehmen jedoch keine Garantien, weder ausdr\u00fccklich noch stillschweigend, f\u00fcr die Vollst\u00e4ndigkeit, Richtigkeit, Zuverl\u00e4ssigkeit, Eignung oder Verf\u00fcgbarkeit der Website oder der darin enthaltenen Informationen, Produkte, Dienstleistungen oder zugeh\u00f6rigen Grafiken.<\/p>\n<p><\/p>\n<p><strong>Haftung f\u00fcr externe Links<\/strong><\/p>\n<p><\/p>\n<p>CV2GO kann Links zu externen Websites enthalten, die nicht unter unserer Kontrolle stehen. Wir \u00fcbernehmen keine Verantwortung f\u00fcr den Inhalt oder die Verf\u00fcgbarkeit dieser externen Websites. Das Vertrauen auf Informationen von externen Links erfolgt auf eigenes Risiko.<\/p>\n<p><\/p>\n<p><strong>Haftungsbeschr\u00e4nkung<\/strong><\/p>\n<p><\/p>\n<p>CV2GO oder seine Vertreter haften nicht f\u00fcr Verluste oder Sch\u00e4den, die sich aus der Nutzung der Website ergeben, einschlie\u00dflich, aber nicht beschr\u00e4nkt auf direkte, indirekte oder Folgesch\u00e4den.<\/p>\n<p><\/p>\n<p><strong>\u00c4nderungen<\/strong><\/p>\n<p><\/p>\n<p>Wir behalten uns das Recht vor, diesen Haftungsausschluss jederzeit zu \u00e4ndern. Alle \u00c4nderungen treten sofort nach der Ver\u00f6ffentlichung auf der Website in Kraft.<\/p>\n<p><\/p>\n<p><strong>Kontaktieren Sie uns<\/strong><\/p>\n<p><\/p>\n<p>Wenn Sie Fragen zu diesem Haftungsausschluss haben, k\u00f6nnen Sie uns kontaktieren:<\/p>\n<p><\/p>\n<ul class=\"wp-block-list\">\n<li>Email: <a>support@cv2go.no<\/a><\/li>\n\n<li>Email: <a>contact@cv2go.no<\/a><\/li>\n\n<li>Telefon: +947 403 35 315<\/li>\n<\/ul>\n<p><\/p>\n<p>F\u00fcr die Originalversion dieser Nutzungsbedingungen besuchen Sie bitte die englische Version auf unserer Hauptseite: <a href=\"https:\/\/cv2go.no\">https:\/\/cv2go.no<\/a>. Bei Abweichungen zwischen den \u00fcbersetzten Versionen und dem Original hat die englische Version Vorrang.<\/p>\n<p><\/p>\t\t\t\t\t\t\t\t<\/div>\n\t\t\t\t<\/div>\n\t\t\t\t\t<\/div>\n\t\t\t\t<\/div>\n\t\t\t\t<\/div>\n\t\t","protected":false},"excerpt":{"rendered":"<p>Zuletzt aktualisiert: 17.10.2024 Willkommen bei CV2GO. Dieser Haftungsausschluss regelt die Nutzung unserer Website. Durch die Nutzung dieser Website akzeptieren Sie die Bedingungen dieses Haftungsausschlusses. Inhalt von CV2GO Der Inhalt von CV2GO dient ausschlie\u00dflich allgemeinen Informationszwecken. Wir bem\u00fchen uns, die Informationen aktuell und korrekt zu halten, \u00fcbernehmen jedoch keine Garantien, weder ausdr\u00fccklich noch stillschweigend, f\u00fcr die [&hellip;]<\/p>\n","protected":false},"author":2,"featured_media":0,"parent":0,"menu_order":0,"comment_status":"closed","ping_status":"closed","template":"elementor_header_footer","meta":{"_acf_changed":false,"site-sidebar-layout":"default","site-content-layout":"","ast-site-content-layout":"default","site-content-style":"default","site-sidebar-style":"default","ast-global-header-display":"","ast-banner-title-visibility":"","ast-main-header-display":"","ast-hfb-above-header-display":"","ast-hfb-below-header-display":"","ast-hfb-mobile-header-display":"","site-post-title":"","ast-breadcrumbs-content":"","ast-featured-img":"","footer-sml-layout":"","ast-disable-related-posts":"","theme-transparent-header-meta":"","adv-header-id-meta":"","stick-header-meta":"","header-above-stick-meta":"","header-main-stick-meta":"","header-below-stick-meta":"","astra-migrate-meta-layouts":"default","ast-page-background-enabled":"default","ast-page-background-meta":{"desktop":{"background-color":"","background-image":"","background-repeat":"repeat","background-position":"center center","background-size":"auto","background-attachment":"scroll","background-type":"","background-media":"","overlay-type":"","overlay-color":"","overlay-opacity":"","overlay-gradient":""},"tablet":{"background-color":"","background-image":"","background-repeat":"repeat","background-position":"center center","background-size":"auto","background-attachment":"scroll","background-type":"","background-media":"","overlay-type":"","overlay-color":"","overlay-opacity":"","overlay-gradient":""},"mobile":{"background-color":"","background-image":"","background-repeat":"repeat","background-position":"center center","background-size":"auto","background-attachment":"scroll","background-type":"","background-media":"","overlay-type":"","overlay-color":"","overlay-opacity":"","overlay-gradient":""}},"ast-content-background-meta":{"desktop":{"background-color":"var(--ast-global-color-5)","background-image":"","background-repeat":"repeat","background-position":"center center","background-size":"auto","background-attachment":"scroll","background-type":"","background-media":"","overlay-type":"","overlay-color":"","overlay-opacity":"","overlay-gradient":""},"tablet":{"background-color":"var(--ast-global-color-5)","background-image":"","background-repeat":"repeat","background-position":"center center","background-size":"auto","background-attachment":"scroll","background-type":"","background-media":"","overlay-type":"","overlay-color":"","overlay-opacity":"","overlay-gradient":""},"mobile":{"background-color":"var(--ast-global-color-5)","background-image":"","background-repeat":"repeat","background-position":"center center","background-size":"auto","background-attachment":"scroll","background-type":"","background-media":"","overlay-type":"","overlay-color":"","overlay-opacity":"","overlay-gradient":""}},"footnotes":""},"class_list":["post-30","page","type-page","status-publish","hentry"],"acf":[],"_links":{"self":[{"href":"https:\/\/cv2go.no\/de\/wp-json\/wp\/v2\/pages\/30","targetHints":{"allow":["GET"]}}],"collection":[{"href":"https:\/\/cv2go.no\/de\/wp-json\/wp\/v2\/pages"}],"about":[{"href":"https:\/\/cv2go.no\/de\/wp-json\/wp\/v2\/types\/page"}],"author":[{"embeddable":true,"href":"https:\/\/cv2go.no\/de\/wp-json\/wp\/v2\/users\/2"}],"replies":[{"embeddable":true,"href":"https:\/\/cv2go.no\/de\/wp-json\/wp\/v2\/comments?post=30"}],"version-history":[{"count":0,"href":"https:\/\/cv2go.no\/de\/wp-json\/wp\/v2\/pages\/30\/revisions"}],"wp:attachment":[{"href":"https:\/\/cv2go.no\/de\/wp-json\/wp\/v2\/media?parent=30"}],"curies":[{"name":"wp","href":"https:\/\/api.w.org\/{rel}","templated":true}]}}