{"id":28,"date":"2024-10-16T23:58:19","date_gmt":"2024-10-16T23:58:19","guid":{"rendered":"https:\/\/cv2go.no\/de\/?page_id=28"},"modified":"2025-03-11T21:34:19","modified_gmt":"2025-03-11T21:34:19","slug":"cookie-richtlinie","status":"publish","type":"page","link":"https:\/\/cv2go.no\/de\/cookie-richtlinie\/","title":{"rendered":"Cookie-Richtlinie"},"content":{"rendered":"\t\t<div data-elementor-type=\"wp-page\" data-elementor-id=\"28\" class=\"elementor elementor-28\" data-elementor-post-type=\"page\">\n\t\t\t\t<div class=\"elementor-element elementor-element-7ef23f1d e-con-full e-flex e-con e-parent\" data-id=\"7ef23f1d\" data-element_type=\"container\" data-e-type=\"container\" data-settings=\"{&quot;background_background&quot;:&quot;classic&quot;}\">\n\t\t<div class=\"elementor-element elementor-element-2fbf1b84 e-con-full e-flex e-con e-child\" data-id=\"2fbf1b84\" data-element_type=\"container\" data-e-type=\"container\">\n\t\t\t\t<\/div>\n\t\t\t\t<\/div>\n\t\t<div class=\"elementor-element elementor-element-788055d0 e-flex e-con-boxed e-con e-parent\" data-id=\"788055d0\" data-element_type=\"container\" data-e-type=\"container\" data-settings=\"{&quot;background_background&quot;:&quot;classic&quot;}\">\n\t\t\t\t\t<div class=\"e-con-inner\">\n\t\t<div class=\"elementor-element elementor-element-2790edaf e-con-full e-flex e-con e-child\" data-id=\"2790edaf\" data-element_type=\"container\" data-e-type=\"container\">\n\t\t\t\t<div class=\"elementor-element elementor-element-556d5203 elementor-widget elementor-widget-text-editor\" data-id=\"556d5203\" data-element_type=\"widget\" data-e-type=\"widget\" data-widget_type=\"text-editor.default\">\n\t\t\t\t\t\t\t\t\t<p><\/p>\n<p><strong>Zuletzt aktualisiert:<\/strong> 17.10.2024<\/p>\n<p><\/p>\n<p>Willkommen bei CV2GO. Diese Cookie-Richtlinie erkl\u00e4rt, wie wir Cookies und \u00e4hnliche Technologien auf unserer Website verwenden.<\/p>\n<p><\/p>\n<p><strong>Was sind Cookies?<\/strong><\/p>\n<p><\/p>\n<p>Cookies sind kleine Dateien, die auf Ihrem Ger\u00e4t (Computer, Tablet oder Mobiltelefon) gespeichert werden, wenn Sie eine Website besuchen. Sie dienen dazu, das Benutzererlebnis zu verbessern, den Website-Traffic zu analysieren und Marketingaktivit\u00e4ten zu unterst\u00fctzen.<\/p>\n<p><\/p>\n<p><strong>Wie verwenden wir Cookies?<\/strong><\/p>\n<p><\/p>\n<p>Bei CV2GO verwenden wir Cookies, um:<\/p>\n<p><\/p>\n<ul class=\"wp-block-list\">\n<li>Die Funktionalit\u00e4t der Website zu verbessern.<\/li>\n\n<li>Die Nutzung der Website mithilfe von Google Analytics zu analysieren.<\/li>\n\n<li>Werbeaktivit\u00e4ten \u00fcber Google AdSense und Google ADX zu unterst\u00fctzen.<\/li>\n<\/ul>\n<p><\/p>\n<p><strong>Drittanbieter-Cookies<\/strong><\/p>\n<p><\/p>\n<p>Wir nutzen auch Drittanbieterdienste wie Google Analytics, Google AdSense, Google ADX, Stripe und PayPal, die Cookies setzen k\u00f6nnen, um Aktivit\u00e4ten auf der Website zu analysieren und andere Funktionen auszuf\u00fchren.<\/p>\n<p><\/p>\n<p><strong>Wie k\u00f6nnen Sie Cookies verwalten?<\/strong><\/p>\n<p><\/p>\n<p>Sie k\u00f6nnen Cookies in den Einstellungen Ihres Browsers verwalten oder l\u00f6schen. Bitte beachten Sie, dass das Deaktivieren von Cookies die Funktionalit\u00e4t unserer Website beeintr\u00e4chtigen kann.<\/p>\n<p><\/p>\n<p><strong>Kontaktieren Sie uns<\/strong><\/p>\n<p><\/p>\n<p>Wenn Sie Fragen zu unserer Cookie-Richtlinie haben, k\u00f6nnen Sie uns kontaktieren:<\/p>\n<p><\/p>\n<ul class=\"wp-block-list\">\n<li>Email: <a>support@cv2go.no<\/a><\/li>\n\n<li>Email: <a>contact@cv2go.no<\/a><\/li>\n\n<li>Telefon: +947 403 35 315<\/li>\n<\/ul>\n<p><\/p>\n<p>F\u00fcr die Originalversion dieser Nutzungsbedingungen besuchen Sie bitte die englische Version auf unserer Hauptseite: <a href=\"https:\/\/cv2go.no\">https:\/\/cv2go.no<\/a>. Bei Abweichungen zwischen den \u00fcbersetzten Versionen und dem Original hat die englische Version Vorrang.<\/p>\n<p><\/p>\t\t\t\t\t\t\t\t<\/div>\n\t\t\t\t<\/div>\n\t\t\t\t\t<\/div>\n\t\t\t\t<\/div>\n\t\t\t\t<\/div>\n\t\t","protected":false},"excerpt":{"rendered":"<p>Zuletzt aktualisiert: 17.10.2024 Willkommen bei CV2GO. Diese Cookie-Richtlinie erkl\u00e4rt, wie wir Cookies und \u00e4hnliche Technologien auf unserer Website verwenden. Was sind Cookies? Cookies sind kleine Dateien, die auf Ihrem Ger\u00e4t (Computer, Tablet oder Mobiltelefon) gespeichert werden, wenn Sie eine Website besuchen. Sie dienen dazu, das Benutzererlebnis zu verbessern, den Website-Traffic zu analysieren und Marketingaktivit\u00e4ten zu [&hellip;]<\/p>\n","protected":false},"author":2,"featured_media":0,"parent":0,"menu_order":0,"comment_status":"closed","ping_status":"closed","template":"elementor_header_footer","meta":{"_acf_changed":false,"site-sidebar-layout":"default","site-content-layout":"","ast-site-content-layout":"default","site-content-style":"default","site-sidebar-style":"default","ast-global-header-display":"","ast-banner-title-visibility":"","ast-main-header-display":"","ast-hfb-above-header-display":"","ast-hfb-below-header-display":"","ast-hfb-mobile-header-display":"","site-post-title":"","ast-breadcrumbs-content":"","ast-featured-img":"","footer-sml-layout":"","ast-disable-related-posts":"","theme-transparent-header-meta":"","adv-header-id-meta":"","stick-header-meta":"","header-above-stick-meta":"","header-main-stick-meta":"","header-below-stick-meta":"","astra-migrate-meta-layouts":"default","ast-page-background-enabled":"default","ast-page-background-meta":{"desktop":{"background-color":"","background-image":"","background-repeat":"repeat","background-position":"center center","background-size":"auto","background-attachment":"scroll","background-type":"","background-media":"","overlay-type":"","overlay-color":"","overlay-opacity":"","overlay-gradient":""},"tablet":{"background-color":"","background-image":"","background-repeat":"repeat","background-position":"center center","background-size":"auto","background-attachment":"scroll","background-type":"","background-media":"","overlay-type":"","overlay-color":"","overlay-opacity":"","overlay-gradient":""},"mobile":{"background-color":"","background-image":"","background-repeat":"repeat","background-position":"center center","background-size":"auto","background-attachment":"scroll","background-type":"","background-media":"","overlay-type":"","overlay-color":"","overlay-opacity":"","overlay-gradient":""}},"ast-content-background-meta":{"desktop":{"background-color":"var(--ast-global-color-5)","background-image":"","background-repeat":"repeat","background-position":"center center","background-size":"auto","background-attachment":"scroll","background-type":"","background-media":"","overlay-type":"","overlay-color":"","overlay-opacity":"","overlay-gradient":""},"tablet":{"background-color":"var(--ast-global-color-5)","background-image":"","background-repeat":"repeat","background-position":"center center","background-size":"auto","background-attachment":"scroll","background-type":"","background-media":"","overlay-type":"","overlay-color":"","overlay-opacity":"","overlay-gradient":""},"mobile":{"background-color":"var(--ast-global-color-5)","background-image":"","background-repeat":"repeat","background-position":"center center","background-size":"auto","background-attachment":"scroll","background-type":"","background-media":"","overlay-type":"","overlay-color":"","overlay-opacity":"","overlay-gradient":""}},"footnotes":""},"class_list":["post-28","page","type-page","status-publish","hentry"],"acf":[],"_links":{"self":[{"href":"https:\/\/cv2go.no\/de\/wp-json\/wp\/v2\/pages\/28","targetHints":{"allow":["GET"]}}],"collection":[{"href":"https:\/\/cv2go.no\/de\/wp-json\/wp\/v2\/pages"}],"about":[{"href":"https:\/\/cv2go.no\/de\/wp-json\/wp\/v2\/types\/page"}],"author":[{"embeddable":true,"href":"https:\/\/cv2go.no\/de\/wp-json\/wp\/v2\/users\/2"}],"replies":[{"embeddable":true,"href":"https:\/\/cv2go.no\/de\/wp-json\/wp\/v2\/comments?post=28"}],"version-history":[{"count":0,"href":"https:\/\/cv2go.no\/de\/wp-json\/wp\/v2\/pages\/28\/revisions"}],"wp:attachment":[{"href":"https:\/\/cv2go.no\/de\/wp-json\/wp\/v2\/media?parent=28"}],"curies":[{"name":"wp","href":"https:\/\/api.w.org\/{rel}","templated":true}]}}