{"id":28,"date":"2024-10-17T01:40:24","date_gmt":"2024-10-17T01:40:24","guid":{"rendered":"https:\/\/cv2go.no\/da\/?page_id=28"},"modified":"2025-03-16T01:51:29","modified_gmt":"2025-03-16T01:51:29","slug":"refusionspolitik","status":"publish","type":"page","link":"https:\/\/cv2go.no\/da\/refusionspolitik\/","title":{"rendered":"Refusionspolitik"},"content":{"rendered":"\t\t<div data-elementor-type=\"wp-page\" data-elementor-id=\"28\" class=\"elementor elementor-28\" data-elementor-post-type=\"page\">\n\t\t\t\t<div class=\"elementor-element elementor-element-d3ccae8 e-con-full e-flex e-con e-parent\" data-id=\"d3ccae8\" data-element_type=\"container\" data-e-type=\"container\" data-settings=\"{&quot;background_background&quot;:&quot;classic&quot;}\">\n\t\t<div class=\"elementor-element elementor-element-91110c0 e-con-full e-flex e-con e-child\" data-id=\"91110c0\" data-element_type=\"container\" data-e-type=\"container\">\n\t\t\t\t<\/div>\n\t\t\t\t<\/div>\n\t\t<div class=\"elementor-element elementor-element-34c87b0c e-flex e-con-boxed e-con e-parent\" data-id=\"34c87b0c\" data-element_type=\"container\" data-e-type=\"container\">\n\t\t\t\t\t<div class=\"e-con-inner\">\n\t\t<div class=\"elementor-element elementor-element-4cd75639 e-con-full e-flex e-con e-child\" data-id=\"4cd75639\" data-element_type=\"container\" data-e-type=\"container\">\n\t\t\t\t<div class=\"elementor-element elementor-element-47a0b8ce elementor-widget elementor-widget-text-editor\" data-id=\"47a0b8ce\" data-element_type=\"widget\" data-e-type=\"widget\" data-widget_type=\"text-editor.default\">\n\t\t\t\t\t\t\t\t\t<p><\/p>\n<p><strong>Sidst opdateret:<\/strong> 17-10-2024<\/p>\n<p><\/p>\n<p>Hos CV2GO \u00f8nsker vi, at du er tilfreds med dit k\u00f8b. Hvis du ikke er tilfreds med vores tjenester, kan du anmode om refusion i henhold til denne refusionspolitik.<\/p>\n<p><\/p>\n<p><strong>Refusionspolitik<\/strong><\/p>\n<p><\/p>\n<ul class=\"wp-block-list\">\n<li>Du kan anmode om refusion inden for en uge fra k\u00f8bsdatoen.<\/li>\n\n<li>For at starte en refusionsproces bedes du kontakte os via e-mail p\u00e5 <a>support@cv2go.no<\/a> eller <a>contact@cv2go.no<\/a>.<\/li>\n\n<li>Refusioner vil blive udstedt tilbage til den oprindelige betalingsmetode, der blev brugt ved k\u00f8bet.<\/li>\n\n<li>Refusioner vil blive behandlet inden for 5-10 arbejdsdage efter godkendelse.<\/li>\n<\/ul>\n<p><\/p>\n<p><strong>Undtagelser fra retten til refusion<\/strong><\/p>\n<p><\/p>\n<p>Visse typer produkter og tjenester kan ikke refunderes. Dette omfatter, men er ikke begr\u00e6nset til:<\/p>\n<p><\/p>\n<ul class=\"wp-block-list\">\n<li>Tjenester, der er fuldt ud leveret p\u00e5 tidspunktet for refusionsanmodningen.<\/li>\n\n<li>Tilpassede CV-skabeloner, der er oprettet efter anmodning.<\/li>\n<\/ul>\n<p><\/p>\n<p><strong>\u00c6ndringer i refusionspolitikken<\/strong><\/p>\n<p><\/p>\n<p>Vi forbeholder os retten til at opdatere eller \u00e6ndre denne refusionspolitik n\u00e5r som helst. Eventuelle \u00e6ndringer vil blive offentliggjort p\u00e5 denne side, og datoen for den seneste opdatering vil blive justeret.<\/p>\n<p><\/p>\n<p><strong>Kontakt os<\/strong><\/p>\n<p><\/p>\n<p>Hvis du har sp\u00f8rgsm\u00e5l til vores refusionspolitik, kan du kontakte os:<\/p>\n<p><\/p>\n<ul class=\"wp-block-list\">\n<li>Email: <a>support@cv2go.no<\/a><\/li>\n\n<li>Email: <a>contact@cv2go.no<\/a><\/li>\n\n<li>Telefon: +947 403 35 315<\/li>\n<\/ul>\n<p><\/p>\n<p>For den oprindelige version af disse vilk\u00e5r henvises til den engelske version p\u00e5 vores hovedwebsted: <a href=\"https:\/\/cv2go.no\">https:\/\/cv2go.no<\/a>. I tilf\u00e6lde af uoverensstemmelser mellem de oversatte versioner og originalen vil den engelske version have forrang.<\/p>\n<p><\/p>\t\t\t\t\t\t\t\t<\/div>\n\t\t\t\t<\/div>\n\t\t\t\t\t<\/div>\n\t\t\t\t<\/div>\n\t\t\t\t<\/div>\n\t\t","protected":false},"excerpt":{"rendered":"<p>Sidst opdateret: 17-10-2024 Hos CV2GO \u00f8nsker vi, at du er tilfreds med dit k\u00f8b. Hvis du ikke er tilfreds med vores tjenester, kan du anmode om refusion i henhold til denne refusionspolitik. Refusionspolitik Undtagelser fra retten til refusion Visse typer produkter og tjenester kan ikke refunderes. Dette omfatter, men er ikke begr\u00e6nset til: \u00c6ndringer i [&hellip;]<\/p>\n","protected":false},"author":2,"featured_media":0,"parent":0,"menu_order":0,"comment_status":"closed","ping_status":"closed","template":"elementor_header_footer","meta":{"_acf_changed":false,"site-sidebar-layout":"default","site-content-layout":"","ast-site-content-layout":"default","site-content-style":"default","site-sidebar-style":"default","ast-global-header-display":"","ast-banner-title-visibility":"","ast-main-header-display":"","ast-hfb-above-header-display":"","ast-hfb-below-header-display":"","ast-hfb-mobile-header-display":"","site-post-title":"","ast-breadcrumbs-content":"","ast-featured-img":"","footer-sml-layout":"","ast-disable-related-posts":"","theme-transparent-header-meta":"","adv-header-id-meta":"","stick-header-meta":"","header-above-stick-meta":"","header-main-stick-meta":"","header-below-stick-meta":"","astra-migrate-meta-layouts":"default","ast-page-background-enabled":"default","ast-page-background-meta":{"desktop":{"background-color":"","background-image":"","background-repeat":"repeat","background-position":"center center","background-size":"auto","background-attachment":"scroll","background-type":"","background-media":"","overlay-type":"","overlay-color":"","overlay-opacity":"","overlay-gradient":""},"tablet":{"background-color":"","background-image":"","background-repeat":"repeat","background-position":"center center","background-size":"auto","background-attachment":"scroll","background-type":"","background-media":"","overlay-type":"","overlay-color":"","overlay-opacity":"","overlay-gradient":""},"mobile":{"background-color":"","background-image":"","background-repeat":"repeat","background-position":"center center","background-size":"auto","background-attachment":"scroll","background-type":"","background-media":"","overlay-type":"","overlay-color":"","overlay-opacity":"","overlay-gradient":""}},"ast-content-background-meta":{"desktop":{"background-color":"var(--ast-global-color-5)","background-image":"","background-repeat":"repeat","background-position":"center center","background-size":"auto","background-attachment":"scroll","background-type":"","background-media":"","overlay-type":"","overlay-color":"","overlay-opacity":"","overlay-gradient":""},"tablet":{"background-color":"var(--ast-global-color-5)","background-image":"","background-repeat":"repeat","background-position":"center center","background-size":"auto","background-attachment":"scroll","background-type":"","background-media":"","overlay-type":"","overlay-color":"","overlay-opacity":"","overlay-gradient":""},"mobile":{"background-color":"var(--ast-global-color-5)","background-image":"","background-repeat":"repeat","background-position":"center center","background-size":"auto","background-attachment":"scroll","background-type":"","background-media":"","overlay-type":"","overlay-color":"","overlay-opacity":"","overlay-gradient":""}},"footnotes":""},"class_list":["post-28","page","type-page","status-publish","hentry"],"acf":[],"_links":{"self":[{"href":"https:\/\/cv2go.no\/da\/wp-json\/wp\/v2\/pages\/28","targetHints":{"allow":["GET"]}}],"collection":[{"href":"https:\/\/cv2go.no\/da\/wp-json\/wp\/v2\/pages"}],"about":[{"href":"https:\/\/cv2go.no\/da\/wp-json\/wp\/v2\/types\/page"}],"author":[{"embeddable":true,"href":"https:\/\/cv2go.no\/da\/wp-json\/wp\/v2\/users\/2"}],"replies":[{"embeddable":true,"href":"https:\/\/cv2go.no\/da\/wp-json\/wp\/v2\/comments?post=28"}],"version-history":[{"count":0,"href":"https:\/\/cv2go.no\/da\/wp-json\/wp\/v2\/pages\/28\/revisions"}],"wp:attachment":[{"href":"https:\/\/cv2go.no\/da\/wp-json\/wp\/v2\/media?parent=28"}],"curies":[{"name":"wp","href":"https:\/\/api.w.org\/{rel}","templated":true}]}}