{"id":24,"date":"2024-10-17T01:25:18","date_gmt":"2024-10-17T01:25:18","guid":{"rendered":"https:\/\/cv2go.no\/da\/?page_id=24"},"modified":"2025-03-16T01:50:46","modified_gmt":"2025-03-16T01:50:46","slug":"ansvarsfraskrivelse","status":"publish","type":"page","link":"https:\/\/cv2go.no\/da\/ansvarsfraskrivelse\/","title":{"rendered":"Ansvarsfraskrivelse"},"content":{"rendered":"\t\t<div data-elementor-type=\"wp-page\" data-elementor-id=\"24\" class=\"elementor elementor-24\" data-elementor-post-type=\"page\">\n\t\t\t\t<div class=\"elementor-element elementor-element-587688c8 e-con-full e-flex e-con e-parent\" data-id=\"587688c8\" data-element_type=\"container\" data-e-type=\"container\" data-settings=\"{&quot;background_background&quot;:&quot;classic&quot;}\">\n\t\t<div class=\"elementor-element elementor-element-548bc52a e-con-full e-flex e-con e-child\" data-id=\"548bc52a\" data-element_type=\"container\" data-e-type=\"container\">\n\t\t\t\t<\/div>\n\t\t\t\t<\/div>\n\t\t<div class=\"elementor-element elementor-element-22293ab8 e-flex e-con-boxed e-con e-parent\" data-id=\"22293ab8\" data-element_type=\"container\" data-e-type=\"container\">\n\t\t\t\t\t<div class=\"e-con-inner\">\n\t\t<div class=\"elementor-element elementor-element-33c73c4c e-con-full e-flex e-con e-child\" data-id=\"33c73c4c\" data-element_type=\"container\" data-e-type=\"container\">\n\t\t\t\t<div class=\"elementor-element elementor-element-6e10ba3 elementor-widget elementor-widget-text-editor\" data-id=\"6e10ba3\" data-element_type=\"widget\" data-e-type=\"widget\" data-widget_type=\"text-editor.default\">\n\t\t\t\t\t\t\t\t\t<p><\/p>\n<p><strong>Sidst opdateret:<\/strong> 17-10-2024<\/p>\n<p><\/p>\n<p>Velkommen til CV2GO. Denne ansvarsfraskrivelse regulerer brugen af vores websted. Ved at bruge dette websted accepterer du betingelserne i denne ansvarsfraskrivelse.<\/p>\n<p><\/p>\n<p><strong>Indhold p\u00e5 CV2GO<\/strong><\/p>\n<p><\/p>\n<p>Indholdet p\u00e5 CV2GO er udelukkende til generelle informationsform\u00e5l. Vi fors\u00f8ger at holde oplysningerne opdaterede og korrekte, men vi giver ingen garantier, hverken udtrykte eller underforst\u00e5ede, for fuldst\u00e6ndighed, n\u00f8jagtighed, p\u00e5lidelighed, egnethed eller tilg\u00e6ngelighed med hensyn til webstedet eller oplysningerne, produkterne, tjenesterne eller den tilh\u00f8rende grafik p\u00e5 webstedet.<\/p>\n<p><\/p>\n<p><strong>Ansvar for eksterne links<\/strong><\/p>\n<p><\/p>\n<p>CV2GO kan indeholde links til eksterne websteder, der ikke er under vores kontrol. Vi er ikke ansvarlige for indholdet eller tilg\u00e6ngeligheden af disse eksterne websteder. Enhver afh\u00e6ngighed af oplysninger fra eksterne links er p\u00e5 egen risiko.<\/p>\n<p><\/p>\n<p><strong>Ansvarsbegr\u00e6nsning<\/strong><\/p>\n<p><\/p>\n<p>CV2GO eller dets repr\u00e6sentanter er ikke ansvarlige for tab eller skader, der opst\u00e5r som f\u00f8lge af brugen af webstedet, herunder, men ikke begr\u00e6nset til, direkte, indirekte eller f\u00f8lgeskader.<\/p>\n<p><\/p>\n<p><strong>\u00c6ndringer<\/strong><\/p>\n<p><\/p>\n<p>Vi forbeholder os retten til at \u00e6ndre denne ansvarsfraskrivelse n\u00e5r som helst. Alle \u00e6ndringer tr\u00e6der i kraft med det samme efter offentligg\u00f8relse p\u00e5 webstedet.<\/p>\n<p><\/p>\n<p><strong>Kontakt os<\/strong><\/p>\n<p><\/p>\n<p>Hvis du har sp\u00f8rgsm\u00e5l til denne ansvarsfraskrivelse, kan du kontakte os:<\/p>\n<p><\/p>\n<ul class=\"wp-block-list\">\n<li>Email: <a>support@cv2go.no<\/a><\/li>\n\n<li>Email: <a>contact@cv2go.no<\/a><\/li>\n\n<li>Telefon: +947 403 35 315<\/li>\n<\/ul>\n<p><\/p>\n<p>For den oprindelige version af disse vilk\u00e5r henvises til den engelske version p\u00e5 vores hovedwebsted: <a href=\"https:\/\/cv2go.no\">https:\/\/cv2go.no<\/a>. I tilf\u00e6lde af uoverensstemmelser mellem de oversatte versioner og originalen vil den engelske version have forrang.<\/p>\n<p><\/p>\t\t\t\t\t\t\t\t<\/div>\n\t\t\t\t<\/div>\n\t\t\t\t\t<\/div>\n\t\t\t\t<\/div>\n\t\t\t\t<\/div>\n\t\t","protected":false},"excerpt":{"rendered":"<p>Sidst opdateret: 17-10-2024 Velkommen til CV2GO. Denne ansvarsfraskrivelse regulerer brugen af vores websted. Ved at bruge dette websted accepterer du betingelserne i denne ansvarsfraskrivelse. Indhold p\u00e5 CV2GO Indholdet p\u00e5 CV2GO er udelukkende til generelle informationsform\u00e5l. Vi fors\u00f8ger at holde oplysningerne opdaterede og korrekte, men vi giver ingen garantier, hverken udtrykte eller underforst\u00e5ede, for fuldst\u00e6ndighed, n\u00f8jagtighed, [&hellip;]<\/p>\n","protected":false},"author":2,"featured_media":0,"parent":0,"menu_order":0,"comment_status":"closed","ping_status":"closed","template":"elementor_header_footer","meta":{"_acf_changed":false,"site-sidebar-layout":"default","site-content-layout":"","ast-site-content-layout":"default","site-content-style":"default","site-sidebar-style":"default","ast-global-header-display":"","ast-banner-title-visibility":"","ast-main-header-display":"","ast-hfb-above-header-display":"","ast-hfb-below-header-display":"","ast-hfb-mobile-header-display":"","site-post-title":"","ast-breadcrumbs-content":"","ast-featured-img":"","footer-sml-layout":"","ast-disable-related-posts":"","theme-transparent-header-meta":"","adv-header-id-meta":"","stick-header-meta":"","header-above-stick-meta":"","header-main-stick-meta":"","header-below-stick-meta":"","astra-migrate-meta-layouts":"default","ast-page-background-enabled":"default","ast-page-background-meta":{"desktop":{"background-color":"","background-image":"","background-repeat":"repeat","background-position":"center center","background-size":"auto","background-attachment":"scroll","background-type":"","background-media":"","overlay-type":"","overlay-color":"","overlay-opacity":"","overlay-gradient":""},"tablet":{"background-color":"","background-image":"","background-repeat":"repeat","background-position":"center center","background-size":"auto","background-attachment":"scroll","background-type":"","background-media":"","overlay-type":"","overlay-color":"","overlay-opacity":"","overlay-gradient":""},"mobile":{"background-color":"","background-image":"","background-repeat":"repeat","background-position":"center center","background-size":"auto","background-attachment":"scroll","background-type":"","background-media":"","overlay-type":"","overlay-color":"","overlay-opacity":"","overlay-gradient":""}},"ast-content-background-meta":{"desktop":{"background-color":"var(--ast-global-color-5)","background-image":"","background-repeat":"repeat","background-position":"center center","background-size":"auto","background-attachment":"scroll","background-type":"","background-media":"","overlay-type":"","overlay-color":"","overlay-opacity":"","overlay-gradient":""},"tablet":{"background-color":"var(--ast-global-color-5)","background-image":"","background-repeat":"repeat","background-position":"center center","background-size":"auto","background-attachment":"scroll","background-type":"","background-media":"","overlay-type":"","overlay-color":"","overlay-opacity":"","overlay-gradient":""},"mobile":{"background-color":"var(--ast-global-color-5)","background-image":"","background-repeat":"repeat","background-position":"center center","background-size":"auto","background-attachment":"scroll","background-type":"","background-media":"","overlay-type":"","overlay-color":"","overlay-opacity":"","overlay-gradient":""}},"footnotes":""},"class_list":["post-24","page","type-page","status-publish","hentry"],"acf":[],"_links":{"self":[{"href":"https:\/\/cv2go.no\/da\/wp-json\/wp\/v2\/pages\/24","targetHints":{"allow":["GET"]}}],"collection":[{"href":"https:\/\/cv2go.no\/da\/wp-json\/wp\/v2\/pages"}],"about":[{"href":"https:\/\/cv2go.no\/da\/wp-json\/wp\/v2\/types\/page"}],"author":[{"embeddable":true,"href":"https:\/\/cv2go.no\/da\/wp-json\/wp\/v2\/users\/2"}],"replies":[{"embeddable":true,"href":"https:\/\/cv2go.no\/da\/wp-json\/wp\/v2\/comments?post=24"}],"version-history":[{"count":0,"href":"https:\/\/cv2go.no\/da\/wp-json\/wp\/v2\/pages\/24\/revisions"}],"wp:attachment":[{"href":"https:\/\/cv2go.no\/da\/wp-json\/wp\/v2\/media?parent=24"}],"curies":[{"name":"wp","href":"https:\/\/api.w.org\/{rel}","templated":true}]}}